{"id":1524,"date":"2020-08-07T14:17:22","date_gmt":"2020-08-07T14:17:22","guid":{"rendered":"https:\/\/www.uistasco.com\/?page_id=1524"},"modified":"2020-08-07T14:20:27","modified_gmt":"2020-08-07T14:20:27","slug":"covid-19","status":"publish","type":"page","link":"https:\/\/www.uistasco.com\/ga\/covid-19\/","title":{"rendered":"Na Tha Sinn A\u2019 D\u00e8anamh Gus COVID \u2013 19 A Stad"},"content":{"rendered":"<p>[vc_row full_width=&#8221;stretch_row_content_no_spaces&#8221; content_placement=&#8221;middle&#8221; css=&#8221;.vc_custom_1596809763550{margin-top: 50px !important;background: #e0e0e0 url(https:\/\/www.uistasco.com\/wp-content\/uploads\/2020\/07\/Operator-with-PPE-Uists-Asco.jpg?id=1520) !important;background-position: center !important;background-repeat: no-repeat !important;background-size: cover !important;}&#8221; el_class=&#8221;sub-banner&#8221;][vc_column css_animation=&#8221;fadeIn&#8221;][\/vc_column][\/vc_row][vc_row el_class=&#8221;page-bg-photo&#8221;][vc_column css_animation=&#8221;fadeIn&#8221; el_class=&#8221;content-center content-max&#8221;][vc_row_inner el_class=&#8221;container&#8221;][vc_column_inner][vc_column_text css_animation=&#8221;fadeIn&#8221;]<\/p>\n<p>Tha sinn a\u2019 cumail s\u00f9il gheur air sgapadh cruinneil a\u2019 Chor\u00f2na-bh\u00ecorias agus a\u2019 leantail gach sti\u00f9ireadh agus riaghailt bhon riaghaltas agus na h-\u00f9ghdarrasan sl\u00e0inte. Bu mhath leinn dearbhadh gu bheil sinn a\u2019 gabhail ris gach earalas gus s\u00e0bhailteachd ar Luchd-obrach, ar Luchd-buana, na teaghlaichean is na coimhearsnachdan aca a chur air thoiseach. Ri linn an t-suidheachaidh \u00e8iginnich seo tha sinn dealasach gum bi solar seasmhach a\u2019 bh\u00ecdhe a\u2019 leantail agus cumaidh sinn oirnn a bhith ag obrachadh c\u00f2mhla ris an Luchd-obrach agus an Luchd-buana againn gus cur an aghaidh an d\u00f9bhlain seo.<\/p>\n<p>&nbsp;<\/p>\n<p><strong>Na Tha Sinn Air D\u00e8anamh<\/strong><\/p>\n<p>Tha sinn a\u2019 s\u00ecor-bhrosnachadh sl\u00e0inteachas pearsanta aig an taigh agus aig obair: nighe l\u00e0mhan bitheanta, casadaich nur n-uilinn, gun a bhith a\u2019 beantainn rir s\u00f9ilean, beul agus sr\u00f2n. Tha iadsan a tha air siubhail air an cumail fa leth. Anns na factoraidhean, thathas a\u2019 cur astarachadh s\u00f2isealta an s\u00e0s (be\u00e0rn 2 mtr). Tha astarachadh s\u00f2isealta agus f\u00e8in-iomallachadh air an cur an s\u00e0s air feadh na companaidh le cleachdannan obrach, cl\u00e0ran-obrach agus pr\u00f2iseasan eile a tha \u00f9r. Tha sinn ag iarraidh air na daoine againn iad seo a chur an s\u00e0s aig an taigh cuideachd.<\/p>\n<p>Chan eilear a\u2019 cumail choinneamhan ann am buidhnean \u2013 cha li\u00f9gamaid gun cruinnicheadh \u00e0ireamh dhaoine sam bith, tha uairean tr\u00e0th-b\u00ecdhe a\u2019 dol mu seach gus astarachadh s\u00f2isealta a chur an s\u00e0s (be\u00e0rn 2mtr), dian-ghlanadh an \u00e0ite-obrach agus cl\u00e0ran-ama d\u00ec-ghalarachaidh agus glanadh na h-uidheamachd as trice air a chleachdadh mar innealan, pinnt, iPads, f\u00f2naichean, sgr\u00econaichean, agus stuth eile a th\u00e8id a chleachdadh leis an Luchd-obrach.<\/p>\n<p>Tha sinn air d\u00f2ighean \u00f9ra a lorg gus daoine a chumail air leth, a thuilleadh air na mholas na riaghaltasan. Sguireadh siubhail airson gnothachas: eadar-n\u00e0iseanta, sg\u00ecreil agus tha \u00f9ine f\u00e8in-iomallachaidh 14-l\u00e0ithean mu choinneamh gach Neach-obrach a tha air siubhail (gnothachas agus pearsanta).<\/p>\n<p>Tha luchd-obrach na h-oifis ag obair bhon taigh, far a ghabhas sin d\u00e8anamh, agus tha \u00e0ireamh cuingealaichte le cead a dhol a-steach dha na h-\u00e0iteachan-obrach \u2013 tha dorsan a-muigh t\u00e8arainte agus fo sgr\u00f9dadh fad na h-\u00f9ine agus tha riaghailtean \u00f9ra mu choinneamh l\u00ecbhrigeadh bathair \u2013 chan fhaighear a-steach gun chead agus th\u00e8id gach riaghailt \u00f9r seo a leantail mar gach c\u00f9is s\u00e0bhailteachd eile.<\/p>\n<p>Tha buaidh a\u2019 Chor\u00f2na-bh\u00ecorais a\u2019 f\u00e0gail gum feum sinn an d\u00f2igh anns am bi sinn ag obair atharrachadh airson s\u00e0bhailteachd na h-uile. Mar a leasaicheas an suidheachadh, cumaidh a\u2019 chompanaidh seo oirre a\u2019 leasachadh mar a dh\u2019fheumas gus s\u00e0bhailteachd agus sunnd dhaoine a dh\u00econ.<\/p>\n<p>&nbsp;<\/p>\n<p><strong>Mar A Tha Sinn Nar Seirbheis Riatanach<\/strong><\/p>\n<p>Tha am bathar a n\u00ec sinn mar ph\u00e0irt dhe solar biadh dhaoine. Tha gach Riaghaltas air r\u00e0dh nach eil iad airson bacadh a chur air solar a\u2019 bh\u00ecdhe, ach gun lean sin. Th\u00e8id am bathar againn a chleachdadh gu biadhadh stuic agus f\u00e0s b\u00e0rr, a tha mar ph\u00e0irt dhe solar biadh dhaoine. Tha sin air na h-uimhir a dh\u00e8anamh gus d\u00econ a chur air na daoine againn agus bacadh a chur air a\u2019 bh\u00ecoras, fhad \u2019s a tha sinn a\u2019 leantail leis a\u2019 ghn\u00ecomhachas gus am bi solar a\u2019 bh\u00ecdhe ag obrachadh mar as c\u00f2ir. Tha e mar fhiachaibh oirnn a bhith a\u2019 coileanadh ar n-obrach gus biadh a chumail ri daoine air feadh an t-saoghail.<\/p>\n<p>&nbsp;<\/p>\n<p><strong>A\u2019 Dol Air Adhart<\/strong><\/p>\n<p>Cumaidh sinn oirnn a bhith a\u2019 leantail sti\u00f9iridhean gach riaghaltais a thaobh a\u2019 Chor\u00f2na-bh\u00ecorais. Bidh Ceannard na Companaidh a\u2019 cumail coinneamh ceannais gach latha gus s\u00f9il a chumail air gach oidhirp a th\u2019 againn a thaobh a\u2019 Chor\u00f2na-bh\u00ecoras agus tha sinn a\u2019 lorg dh\u00f2ighean \u00f9ra gach latha airson cur ris an d\u00f2igh \u2019s a tha sinn ag obair gus an tuilleadh d\u00econa a chur air ar Luchd-obrach is air ar Luchd-buana. Cumaidh sinn oirnn leis na d\u00f2ighean-obrach \u00f9ra \u00e8asgaidh seo gus d\u00econ a chur air na daoine againn, fhad \u2019s a leanas sinn sti\u00f9iridhean an Riaghaltais nar n-obair saothrachaidh.<\/p>\n<p>[\/vc_column_text][vc_empty_space][\/vc_column_inner][\/vc_row_inner][\/vc_column][\/vc_row]<\/p>\n","protected":false},"excerpt":{"rendered":"<p>[vc_row full_width=&#8221;stretch_row_content_no_spaces&#8221; content_placement=&#8221;middle&#8221; css=&#8221;.vc_custom_1596809763550{margin-top: 50px !important;background: #e0e0e0 url(https:\/\/www.uistasco.com\/wp-content\/uploads\/2020\/07\/Operator-with-PPE-Uists-Asco.jpg?id=1520) !important;background-position: center !important;background-repeat: no-repeat !important;background-size: cover !important;}&#8221; el_class=&#8221;sub-banner&#8221;][vc_column css_animation=&#8221;fadeIn&#8221;][\/vc_column][\/vc_row][vc_row el_class=&#8221;page-bg-photo&#8221;][vc_column css_animation=&#8221;fadeIn&#8221; el_class=&#8221;content-center content-max&#8221;][vc_row_inner el_class=&#8221;container&#8221;][vc_column_inner][vc_column_text css_animation=&#8221;fadeIn&#8221;] Tha sinn a\u2019 cumail s\u00f9il gheur air sgapadh cruinneil a\u2019 Chor\u00f2na-bh\u00ecorias agus a\u2019 leantail gach sti\u00f9ireadh agus riaghailt bhon riaghaltas agus na h-\u00f9ghdarrasan sl\u00e0inte. Bu mhath leinn dearbhadh gu bheil sinn a\u2019 [&hellip;]<\/p>\n","protected":false},"author":13,"featured_media":0,"parent":0,"menu_order":0,"comment_status":"closed","ping_status":"closed","template":"","meta":{"footnotes":""},"class_list":["post-1524","page","type-page","status-publish","hentry"],"yoast_head":"<!-- This site is optimized with the Yoast SEO plugin v27.5 - https:\/\/yoast.com\/product\/yoast-seo-wordpress\/ -->\n<title>Na Tha Sinn A\u2019 D\u00e8anamh Gus COVID \u2013 19 A Stad<\/title>\n<meta name=\"robots\" content=\"index, follow, max-snippet:-1, max-image-preview:large, max-video-preview:-1\" \/>\n<link rel=\"canonical\" href=\"https:\/\/www.uistasco.com\/ga\/covid-19\/\" \/>\n<meta property=\"og:locale\" content=\"ga_IE\" \/>\n<meta property=\"og:type\" content=\"article\" \/>\n<meta property=\"og:title\" content=\"Na Tha Sinn A\u2019 D\u00e8anamh Gus COVID \u2013 19 A Stad\" \/>\n<meta property=\"og:description\" content=\"[vc_row full_width=&#8221;stretch_row_content_no_spaces&#8221; content_placement=&#8221;middle&#8221; css=&#8221;.vc_custom_1596809763550{margin-top: 50px !important;background: #e0e0e0 url(https:\/\/www.uistasco.com\/wp-content\/uploads\/2020\/07\/Operator-with-PPE-Uists-Asco.jpg?id=1520) !important;background-position: center !important;background-repeat: no-repeat !important;background-size: cover !important;}&#8221; el_class=&#8221;sub-banner&#8221;][vc_column css_animation=&#8221;fadeIn&#8221;][\/vc_column][\/vc_row][vc_row el_class=&#8221;page-bg-photo&#8221;][vc_column css_animation=&#8221;fadeIn&#8221; el_class=&#8221;content-center content-max&#8221;][vc_row_inner el_class=&#8221;container&#8221;][vc_column_inner][vc_column_text css_animation=&#8221;fadeIn&#8221;] Tha sinn a\u2019 cumail s\u00f9il gheur air sgapadh cruinneil a\u2019 Chor\u00f2na-bh\u00ecorias agus a\u2019 leantail gach sti\u00f9ireadh agus riaghailt bhon riaghaltas agus na h-\u00f9ghdarrasan sl\u00e0inte. Bu mhath leinn dearbhadh gu bheil sinn a\u2019 [&hellip;]\" \/>\n<meta property=\"og:url\" content=\"https:\/\/www.uistasco.com\/ga\/covid-19\/\" \/>\n<meta property=\"og:site_name\" content=\"Uist Asco\" \/>\n<meta property=\"article:modified_time\" content=\"2020-08-07T14:20:27+00:00\" \/>\n<meta name=\"twitter:card\" content=\"summary_large_image\" \/>\n<meta name=\"twitter:label1\" content=\"Est. reading time\" \/>\n\t<meta name=\"twitter:data1\" content=\"4 minutes\" \/>\n<script type=\"application\/ld+json\" class=\"yoast-schema-graph\">{\"@context\":\"https:\\\/\\\/schema.org\",\"@graph\":[{\"@type\":\"WebPage\",\"@id\":\"https:\\\/\\\/www.uistasco.com\\\/ga\\\/covid-19\\\/\",\"url\":\"https:\\\/\\\/www.uistasco.com\\\/ga\\\/covid-19\\\/\",\"name\":\"Na Tha Sinn A\u2019 D\u00e8anamh Gus COVID \u2013 19 A Stad\",\"isPartOf\":{\"@id\":\"https:\\\/\\\/www.uistasco.com\\\/#website\"},\"datePublished\":\"2020-08-07T14:17:22+00:00\",\"dateModified\":\"2020-08-07T14:20:27+00:00\",\"breadcrumb\":{\"@id\":\"https:\\\/\\\/www.uistasco.com\\\/ga\\\/covid-19\\\/#breadcrumb\"},\"inLanguage\":\"ga-IE\",\"potentialAction\":[{\"@type\":\"ReadAction\",\"target\":[\"https:\\\/\\\/www.uistasco.com\\\/ga\\\/covid-19\\\/\"]}]},{\"@type\":\"BreadcrumbList\",\"@id\":\"https:\\\/\\\/www.uistasco.com\\\/ga\\\/covid-19\\\/#breadcrumb\",\"itemListElement\":[{\"@type\":\"ListItem\",\"position\":1,\"name\":\"Home\",\"item\":\"https:\\\/\\\/www.uistasco.com\\\/ga\\\/\"},{\"@type\":\"ListItem\",\"position\":2,\"name\":\"Na Tha Sinn A\u2019 D\u00e8anamh Gus COVID \u2013 19 A Stad\"}]},{\"@type\":\"WebSite\",\"@id\":\"https:\\\/\\\/www.uistasco.com\\\/#website\",\"url\":\"https:\\\/\\\/www.uistasco.com\\\/\",\"name\":\"Uist Asco\",\"description\":\"Scottish Seaweed\",\"publisher\":{\"@id\":\"https:\\\/\\\/www.uistasco.com\\\/#organization\"},\"potentialAction\":[{\"@type\":\"SearchAction\",\"target\":{\"@type\":\"EntryPoint\",\"urlTemplate\":\"https:\\\/\\\/www.uistasco.com\\\/?s={search_term_string}\"},\"query-input\":{\"@type\":\"PropertyValueSpecification\",\"valueRequired\":true,\"valueName\":\"search_term_string\"}}],\"inLanguage\":\"ga-IE\"},{\"@type\":\"Organization\",\"@id\":\"https:\\\/\\\/www.uistasco.com\\\/#organization\",\"name\":\"Arramara\",\"url\":\"https:\\\/\\\/www.uistasco.com\\\/\",\"logo\":{\"@type\":\"ImageObject\",\"inLanguage\":\"ga-IE\",\"@id\":\"https:\\\/\\\/www.uistasco.com\\\/#\\\/schema\\\/logo\\\/image\\\/\",\"url\":\"https:\\\/\\\/www.uistasco.com\\\/wp-content\\\/uploads\\\/2018\\\/11\\\/Group-205@2x.png\",\"contentUrl\":\"https:\\\/\\\/www.uistasco.com\\\/wp-content\\\/uploads\\\/2018\\\/11\\\/Group-205@2x.png\",\"width\":261,\"height\":261,\"caption\":\"Arramara\"},\"image\":{\"@id\":\"https:\\\/\\\/www.uistasco.com\\\/#\\\/schema\\\/logo\\\/image\\\/\"}}]}<\/script>\n<!-- \/ Yoast SEO plugin. -->","yoast_head_json":{"title":"Na Tha Sinn A\u2019 D\u00e8anamh Gus COVID \u2013 19 A Stad","robots":{"index":"index","follow":"follow","max-snippet":"max-snippet:-1","max-image-preview":"max-image-preview:large","max-video-preview":"max-video-preview:-1"},"canonical":"https:\/\/www.uistasco.com\/ga\/covid-19\/","og_locale":"ga_IE","og_type":"article","og_title":"Na Tha Sinn A\u2019 D\u00e8anamh Gus COVID \u2013 19 A Stad","og_description":"[vc_row full_width=&#8221;stretch_row_content_no_spaces&#8221; content_placement=&#8221;middle&#8221; css=&#8221;.vc_custom_1596809763550{margin-top: 50px !important;background: #e0e0e0 url(https:\/\/www.uistasco.com\/wp-content\/uploads\/2020\/07\/Operator-with-PPE-Uists-Asco.jpg?id=1520) !important;background-position: center !important;background-repeat: no-repeat !important;background-size: cover !important;}&#8221; el_class=&#8221;sub-banner&#8221;][vc_column css_animation=&#8221;fadeIn&#8221;][\/vc_column][\/vc_row][vc_row el_class=&#8221;page-bg-photo&#8221;][vc_column css_animation=&#8221;fadeIn&#8221; el_class=&#8221;content-center content-max&#8221;][vc_row_inner el_class=&#8221;container&#8221;][vc_column_inner][vc_column_text css_animation=&#8221;fadeIn&#8221;] Tha sinn a\u2019 cumail s\u00f9il gheur air sgapadh cruinneil a\u2019 Chor\u00f2na-bh\u00ecorias agus a\u2019 leantail gach sti\u00f9ireadh agus riaghailt bhon riaghaltas agus na h-\u00f9ghdarrasan sl\u00e0inte. Bu mhath leinn dearbhadh gu bheil sinn a\u2019 [&hellip;]","og_url":"https:\/\/www.uistasco.com\/ga\/covid-19\/","og_site_name":"Uist Asco","article_modified_time":"2020-08-07T14:20:27+00:00","twitter_card":"summary_large_image","twitter_misc":{"Est. reading time":"4 minutes"},"schema":{"@context":"https:\/\/schema.org","@graph":[{"@type":"WebPage","@id":"https:\/\/www.uistasco.com\/ga\/covid-19\/","url":"https:\/\/www.uistasco.com\/ga\/covid-19\/","name":"Na Tha Sinn A\u2019 D\u00e8anamh Gus COVID \u2013 19 A Stad","isPartOf":{"@id":"https:\/\/www.uistasco.com\/#website"},"datePublished":"2020-08-07T14:17:22+00:00","dateModified":"2020-08-07T14:20:27+00:00","breadcrumb":{"@id":"https:\/\/www.uistasco.com\/ga\/covid-19\/#breadcrumb"},"inLanguage":"ga-IE","potentialAction":[{"@type":"ReadAction","target":["https:\/\/www.uistasco.com\/ga\/covid-19\/"]}]},{"@type":"BreadcrumbList","@id":"https:\/\/www.uistasco.com\/ga\/covid-19\/#breadcrumb","itemListElement":[{"@type":"ListItem","position":1,"name":"Home","item":"https:\/\/www.uistasco.com\/ga\/"},{"@type":"ListItem","position":2,"name":"Na Tha Sinn A\u2019 D\u00e8anamh Gus COVID \u2013 19 A Stad"}]},{"@type":"WebSite","@id":"https:\/\/www.uistasco.com\/#website","url":"https:\/\/www.uistasco.com\/","name":"Uist Asco","description":"Scottish Seaweed","publisher":{"@id":"https:\/\/www.uistasco.com\/#organization"},"potentialAction":[{"@type":"SearchAction","target":{"@type":"EntryPoint","urlTemplate":"https:\/\/www.uistasco.com\/?s={search_term_string}"},"query-input":{"@type":"PropertyValueSpecification","valueRequired":true,"valueName":"search_term_string"}}],"inLanguage":"ga-IE"},{"@type":"Organization","@id":"https:\/\/www.uistasco.com\/#organization","name":"Arramara","url":"https:\/\/www.uistasco.com\/","logo":{"@type":"ImageObject","inLanguage":"ga-IE","@id":"https:\/\/www.uistasco.com\/#\/schema\/logo\/image\/","url":"https:\/\/www.uistasco.com\/wp-content\/uploads\/2018\/11\/Group-205@2x.png","contentUrl":"https:\/\/www.uistasco.com\/wp-content\/uploads\/2018\/11\/Group-205@2x.png","width":261,"height":261,"caption":"Arramara"},"image":{"@id":"https:\/\/www.uistasco.com\/#\/schema\/logo\/image\/"}}]}},"_links":{"self":[{"href":"https:\/\/www.uistasco.com\/ga\/wp-json\/wp\/v2\/pages\/1524","targetHints":{"allow":["GET"]}}],"collection":[{"href":"https:\/\/www.uistasco.com\/ga\/wp-json\/wp\/v2\/pages"}],"about":[{"href":"https:\/\/www.uistasco.com\/ga\/wp-json\/wp\/v2\/types\/page"}],"author":[{"embeddable":true,"href":"https:\/\/www.uistasco.com\/ga\/wp-json\/wp\/v2\/users\/13"}],"replies":[{"embeddable":true,"href":"https:\/\/www.uistasco.com\/ga\/wp-json\/wp\/v2\/comments?post=1524"}],"version-history":[{"count":0,"href":"https:\/\/www.uistasco.com\/ga\/wp-json\/wp\/v2\/pages\/1524\/revisions"}],"wp:attachment":[{"href":"https:\/\/www.uistasco.com\/ga\/wp-json\/wp\/v2\/media?parent=1524"}],"curies":[{"name":"wp","href":"https:\/\/api.w.org\/{rel}","templated":true}]}}