{"id":1305,"date":"2019-07-26T18:53:49","date_gmt":"2019-07-26T18:53:49","guid":{"rendered":"https:\/\/uist.wpengine.com\/?page_id=1305"},"modified":"2022-02-14T13:24:21","modified_gmt":"2022-02-14T13:24:21","slug":"doighean-buana","status":"publish","type":"page","link":"https:\/\/www.uistasco.com\/ga\/doighean-buana\/","title":{"rendered":"D\u00f2ighean-buana"},"content":{"rendered":"<p>[vc_row full_width=&#8221;stretch_row_content_no_spaces&#8221; content_placement=&#8221;middle&#8221; css=&#8221;.vc_custom_1644845058224{background: #e0e0e0 url(https:\/\/www.uistasco.com\/wp-content\/uploads\/2022\/02\/floating-seaweed-1.jpg?id=1631) !important;background-position: center !important;background-repeat: no-repeat !important;background-size: cover !important;}&#8221; el_class=&#8221;sub-banner&#8221;][vc_column css_animation=&#8221;fadeIn&#8221;][\/vc_column][\/vc_row][vc_row el_class=&#8221;page-bg-photo&#8221;][vc_column css_animation=&#8221;fadeIn&#8221; el_class=&#8221;content-center content-max&#8221;][vc_row_inner el_class=&#8221;container&#8221;][vc_column_inner][vc_column_text css_animation=&#8221;fadeIn&#8221;]<\/p>\n<h2><strong>D\u00f2ighean-buana<\/strong><\/h2>\n<p>&nbsp;<\/p>\n<p><strong>Bidh an d\u00f2igh sam bi sinn a\u2019 buain na feamad a\u2019 toirt buaidh air \u00e0rainneachd agus coimhearsnachdan nan Eileanan Siar, agus sin a\u2019 f\u00e0gail gur e pr\u00ecomhachas a th\u2019 anns na d\u00f2ighean-obrach so-sheasmhach againn. T\u00f2isichidh ar dleastanas leis a\u2019 bhuain agus d\u00f2ighean-obrach an Luchd-buana againn. Seo agaibh sealladh air mar a bhios sinn a\u2019 toirt feamad n\u00e0darra gu daoine ann an Alba agus thall thairis.<\/strong><\/p>\n<p>[\/vc_column_text][\/vc_column_inner][\/vc_row_inner][vc_row_inner equal_height=&#8221;yes&#8221; content_placement=&#8221;middle&#8221; el_class=&#8221;content-center content-max&#8221;][vc_column_inner width=&#8221;1\/2&#8243; css=&#8221;.vc_custom_1542749025635{padding: 50px !important;}&#8221;][vc_column_text css_animation=&#8221;fadeIn&#8221;]<\/p>\n<div style=\"max-width: 420px; margin: 0 auto;\">\n<h3 class=\"header-med\">A\u2019 Buain le L\u00e0imh<\/h3>\n<p>&nbsp;<\/p>\n<p>O chionn fada ann an Alba, bhuaineadh daoine feamainn le l\u00e0imh. Bidh an Luchd-buana a chumas ris a\u2019 chleachdadh seo a\u2019 dol a-mach air an tr\u00e0ghadh gus feamainn <em>Ascophyllum nodosum<\/em> a bhuain o na creagan. A\u2019 cleachdadh corran-fiaclach, bidh an Luchd-buana a\u2019 buain na feamad on chas (carraig\/freumh), a\u2019 d\u00e8anamh cinnteach gum f\u00e0g iad eadar 5 gu 20 cm air a\u2019 chreag. Tha seo a\u2019 leigeil leis an fheamainn f\u00e0s \u00e0s \u00f9r a-rithist.<\/p>\n<p>&nbsp;<\/p>\n<p>Mar a ghe\u00e0rras an Luchd-buana feamainn o na creagan, bidh iad an uair sin ga badadh ri ch\u00e8ile ann am maoisean (no ball-feamad) airson a thoirt air t\u00ecr gu giullachd. Ma tha sibh air a bhith mu ch\u00f2rsa Uibhist, \u2019s d\u00f2cha gum faca sibh an Luchd-buana ann an cnapaichean a\u2019 falbh o mhaois gu maois. Fon sti\u00f9ireadh st\u00f2rais n\u00e0darra againn, bithear a\u2019 leigeil leis gach raon feamad f\u00e0s a-rithist airson eadar tr\u00ec agus c\u00f2ig bliadhna mus till an Luchd-buana.<\/p>\n<\/div>\n<p>[\/vc_column_text][\/vc_column_inner][vc_column_inner width=&#8221;1\/2&#8243; css=&#8221;.vc_custom_1542749037311{padding: 50px !important;}&#8221;][vc_single_image image=&#8221;1256&#8243; img_size=&#8221;full&#8221; alignment=&#8221;center&#8221; css_animation=&#8221;fadeInUp&#8221; el_class=&#8221;image-shadow&#8221;][\/vc_column_inner][\/vc_row_inner][vc_row_inner equal_height=&#8221;yes&#8221; content_placement=&#8221;middle&#8221;][vc_column_inner width=&#8221;1\/2&#8243; css=&#8221;.vc_custom_1542749302113{padding: 50px !important;}&#8221;][vc_single_image image=&#8221;1312&#8243; img_size=&#8221;full&#8221; alignment=&#8221;center&#8221; css_animation=&#8221;fadeInUp&#8221; el_class=&#8221;image-shadow&#8221;][\/vc_column_inner][vc_column_inner width=&#8221;1\/2&#8243; css=&#8221;.vc_custom_1542749292398{padding: 50px !important;}&#8221;][vc_column_text css_animation=&#8221;fadeIn&#8221;]<\/p>\n<div style=\"max-width: 460px;\">\n<h3 class=\"header-med\">A\u2019 Buain le Sgoth is R\u00e0can<\/h3>\n<p>&nbsp;<\/p>\n<p>Feumaidh an d\u00f2igh-bhuana thradaiseanta for a thoirt air an t-s\u00ecde-mhara. Nuair a thig an l\u00e0n a-steach, stadaidh a\u2019 bhuain. Ach leis an d\u00f2igh-obrach againn a chuireas sgoth is r\u00e0can gu feum, faodaidh an Luchd-buana meudachadh a thoirt air na thathar a\u2019 toirt a-steach gun a bhith a\u2019 d\u00e8anamh cron air an \u00e0rainneachd.<\/p>\n<p>&nbsp;<\/p>\n<p>A\u2019 cleachdadh r\u00e0cain sh\u00f2nraichte le cas nas fhaide, faodaidh an Luchd-buana a\u2019 dol a dh\u2019iarraidh <em>Ascophyllum nodosum<\/em> air l\u00e0n sam bith. Be\u00e0rraidh iad luchd reusanta de dh\u2019fheamainn leis an r\u00e0can sh\u00f2nraichte aca, agus th\u00e8id a thoirt a-steach dhan bh\u00e0ta mus gluais iad dhan ath th\u00e8. Coltach ri buain le l\u00e0imh, bidh an d\u00f2igh-obrach seo a\u2019 piobrachadh na feamad gu f\u00e0s nas luaithe san \u00f9ine fhada aig a\u2019 cheart \u00e0m \u2019s a dh\u2019fh\u00e0gas i an \u00e0rainneachd seasmhach gu le\u00f2r.<\/p>\n<\/div>\n<p>[\/vc_column_text][\/vc_column_inner][\/vc_row_inner][\/vc_column][\/vc_row][vc_row][vc_column]<\/p>\n<div class=\"templatera_shortcode\">\n<div data-vc-full-width=\"true\" data-vc-full-width-init=\"false\" data-vc-stretch-content=\"true\" class=\"vc_row wpb_row vc_row-fluid split-cta vc_custom_1545310294281 vc_row-no-padding vc_row-o-equal-height vc_row-flex\">\n<div class=\"split-blue-overlay split-col wpb_column vc_column_container vc_col-sm-6 vc_col-has-fill\">\n<div class=\"vc_column-inner vc_custom_1545310623931\">\n<div class=\"wpb_wrapper\">\n<div class=\"wpb_text_column wpb_content_element  wpb_animate_when_almost_visible wpb_fadeIn fadeIn split-copy\" >\n<div class=\"wpb_wrapper\">\n<h3>Ag iarraidh barrachd ionnsachadh mu ar so-sheasmhachd?<\/h3>\n<p style=\"text-align: center;\"><a class=\"button white-blue\" href=\"\/ga\/nuacht-blag\/\" target=\"_self\">Leugh am Bloga Againn<\/a><\/p>\n<\/p><\/div>\n<\/p><\/div>\n<div  class=\"wpb_single_image wpb_content_element vc_align_center\">\n<figure class=\"wpb_wrapper vc_figure\">\n<div class=\"vc_single_image-wrapper   vc_box_border_grey\"><img loading=\"lazy\" decoding=\"async\" width=\"688\" height=\"664\" src=\"https:\/\/www.uistasco.com\/wp-content\/uploads\/2023\/05\/new-688-x-664.png\" class=\"vc_single_image-img attachment-full\" alt=\"\" srcset=\"https:\/\/www.uistasco.com\/wp-content\/uploads\/2023\/05\/new-688-x-664.png 688w, https:\/\/www.uistasco.com\/wp-content\/uploads\/2023\/05\/new-688-x-664-300x290.png 300w\" sizes=\"auto, (max-width: 688px) 100vw, 688px\" \/><\/div>\n<\/figure><\/div>\n<\/div>\n<\/div>\n<\/div>\n<div class=\"split-green-overlay split-col wpb_column vc_column_container vc_col-sm-6 vc_col-has-fill\">\n<div class=\"vc_column-inner vc_custom_1545310240877\">\n<div class=\"wpb_wrapper\">\n<div class=\"wpb_text_column wpb_content_element  wpb_animate_when_almost_visible wpb_fadeIn fadeIn split-copy\" >\n<div class=\"wpb_wrapper\">\n<h3>Ionnsaich mar a n\u00ec Uist Asco diofar! Cuir fios thugainn gus barrachd fhaighinn a-mach mu na d\u00f2ighean-obrach so-sheasmhach agus feamainn n\u00e0darra againn!<\/h3>\n<p style=\"text-align: center;\"><a class=\"button white-green\" href=\"\/ga\/fios-thugainn\/\" target=\"_self\">Fios thugainn<\/a><\/p>\n<\/p><\/div>\n<\/p><\/div>\n<div  class=\"wpb_single_image wpb_content_element vc_align_center\">\n<figure class=\"wpb_wrapper vc_figure\">\n<div class=\"vc_single_image-wrapper   vc_box_border_grey\"><img loading=\"lazy\" decoding=\"async\" width=\"687\" height=\"664\" src=\"https:\/\/www.uistasco.com\/wp-content\/uploads\/2019\/08\/horse-collage.png\" class=\"vc_single_image-img attachment-full\" alt=\"\" srcset=\"https:\/\/www.uistasco.com\/wp-content\/uploads\/2019\/08\/horse-collage.png 687w, https:\/\/www.uistasco.com\/wp-content\/uploads\/2019\/08\/horse-collage-300x290.png 300w\" sizes=\"auto, (max-width: 687px) 100vw, 687px\" \/><\/div>\n<\/figure><\/div>\n<\/div>\n<\/div>\n<\/div>\n<\/div>\n<div class=\"vc_row-full-width vc_clearfix\"><\/div>\n<\/div>\n<p>[\/vc_column][\/vc_row]<\/p>\n","protected":false},"excerpt":{"rendered":"Ag iarraidh barrachd ionnsachadh mu ar so-sheasmhachd? Leugh am Bloga Againn Ionnsaich mar a n\u00ec Uist Asco diofar! Cuir fios thugainn gus barrachd fhaighinn a-mach mu na d\u00f2ighean-obrach so-sheasmhach agus feamainn n\u00e0darra againn! Fios thugainn","protected":false},"author":13,"featured_media":0,"parent":0,"menu_order":0,"comment_status":"closed","ping_status":"closed","template":"","meta":{"footnotes":""},"class_list":["post-1305","page","type-page","status-publish","hentry"],"yoast_head":"<!-- This site is optimized with the Yoast SEO plugin v27.5 - https:\/\/yoast.com\/product\/yoast-seo-wordpress\/ -->\n<title>D\u00f2ighean-buana So-sheasmhach Feamad Albannaich \u01c0 Uist Asco<\/title>\n<meta name=\"description\" content=\"Bidh buain na feamad a\u2019 toirt buaidh air an \u00e0rainneachd agus air coimhearsnachdan Innse Gall. Tha na d\u00f2ighean-buana so-sheasmhach seo aig cridhe Uist Asco.\" \/>\n<meta name=\"robots\" content=\"index, follow, max-snippet:-1, max-image-preview:large, max-video-preview:-1\" \/>\n<link rel=\"canonical\" href=\"https:\/\/www.uistasco.com\/ga\/doighean-buana\/\" \/>\n<meta property=\"og:locale\" content=\"ga_IE\" \/>\n<meta property=\"og:type\" content=\"article\" \/>\n<meta property=\"og:title\" content=\"D\u00f2ighean-buana So-sheasmhach Feamad Albannaich \u01c0 Uist Asco\" \/>\n<meta property=\"og:description\" content=\"Bidh buain na feamad a\u2019 toirt buaidh air an \u00e0rainneachd agus air coimhearsnachdan Innse Gall. Tha na d\u00f2ighean-buana so-sheasmhach seo aig cridhe Uist Asco.\" \/>\n<meta property=\"og:url\" content=\"https:\/\/www.uistasco.com\/ga\/doighean-buana\/\" \/>\n<meta property=\"og:site_name\" content=\"Uist Asco\" \/>\n<meta property=\"article:modified_time\" content=\"2022-02-14T13:24:21+00:00\" \/>\n<meta name=\"twitter:card\" content=\"summary_large_image\" \/>\n<meta name=\"twitter:label1\" content=\"Est. reading time\" \/>\n\t<meta name=\"twitter:data1\" content=\"2 minutes\" \/>\n<script type=\"application\/ld+json\" class=\"yoast-schema-graph\">{\"@context\":\"https:\\\/\\\/schema.org\",\"@graph\":[{\"@type\":\"WebPage\",\"@id\":\"https:\\\/\\\/www.uistasco.com\\\/ga\\\/doighean-buana\\\/\",\"url\":\"https:\\\/\\\/www.uistasco.com\\\/ga\\\/doighean-buana\\\/\",\"name\":\"D\u00f2ighean-buana So-sheasmhach Feamad Albannaich \u01c0 Uist Asco\",\"isPartOf\":{\"@id\":\"https:\\\/\\\/www.uistasco.com\\\/#website\"},\"datePublished\":\"2019-07-26T18:53:49+00:00\",\"dateModified\":\"2022-02-14T13:24:21+00:00\",\"description\":\"Bidh buain na feamad a\u2019 toirt buaidh air an \u00e0rainneachd agus air coimhearsnachdan Innse Gall. Tha na d\u00f2ighean-buana so-sheasmhach seo aig cridhe Uist Asco.\",\"breadcrumb\":{\"@id\":\"https:\\\/\\\/www.uistasco.com\\\/ga\\\/doighean-buana\\\/#breadcrumb\"},\"inLanguage\":\"ga-IE\",\"potentialAction\":[{\"@type\":\"ReadAction\",\"target\":[\"https:\\\/\\\/www.uistasco.com\\\/ga\\\/doighean-buana\\\/\"]}]},{\"@type\":\"BreadcrumbList\",\"@id\":\"https:\\\/\\\/www.uistasco.com\\\/ga\\\/doighean-buana\\\/#breadcrumb\",\"itemListElement\":[{\"@type\":\"ListItem\",\"position\":1,\"name\":\"Home\",\"item\":\"https:\\\/\\\/www.uistasco.com\\\/ga\\\/\"},{\"@type\":\"ListItem\",\"position\":2,\"name\":\"D\u00f2ighean-buana\"}]},{\"@type\":\"WebSite\",\"@id\":\"https:\\\/\\\/www.uistasco.com\\\/#website\",\"url\":\"https:\\\/\\\/www.uistasco.com\\\/\",\"name\":\"Uist Asco\",\"description\":\"Scottish Seaweed\",\"publisher\":{\"@id\":\"https:\\\/\\\/www.uistasco.com\\\/#organization\"},\"potentialAction\":[{\"@type\":\"SearchAction\",\"target\":{\"@type\":\"EntryPoint\",\"urlTemplate\":\"https:\\\/\\\/www.uistasco.com\\\/?s={search_term_string}\"},\"query-input\":{\"@type\":\"PropertyValueSpecification\",\"valueRequired\":true,\"valueName\":\"search_term_string\"}}],\"inLanguage\":\"ga-IE\"},{\"@type\":\"Organization\",\"@id\":\"https:\\\/\\\/www.uistasco.com\\\/#organization\",\"name\":\"Arramara\",\"url\":\"https:\\\/\\\/www.uistasco.com\\\/\",\"logo\":{\"@type\":\"ImageObject\",\"inLanguage\":\"ga-IE\",\"@id\":\"https:\\\/\\\/www.uistasco.com\\\/#\\\/schema\\\/logo\\\/image\\\/\",\"url\":\"https:\\\/\\\/www.uistasco.com\\\/wp-content\\\/uploads\\\/2018\\\/11\\\/Group-205@2x.png\",\"contentUrl\":\"https:\\\/\\\/www.uistasco.com\\\/wp-content\\\/uploads\\\/2018\\\/11\\\/Group-205@2x.png\",\"width\":261,\"height\":261,\"caption\":\"Arramara\"},\"image\":{\"@id\":\"https:\\\/\\\/www.uistasco.com\\\/#\\\/schema\\\/logo\\\/image\\\/\"}}]}<\/script>\n<!-- \/ Yoast SEO plugin. -->","yoast_head_json":{"title":"D\u00f2ighean-buana So-sheasmhach Feamad Albannaich \u01c0 Uist Asco","description":"Bidh buain na feamad a\u2019 toirt buaidh air an \u00e0rainneachd agus air coimhearsnachdan Innse Gall. Tha na d\u00f2ighean-buana so-sheasmhach seo aig cridhe Uist Asco.","robots":{"index":"index","follow":"follow","max-snippet":"max-snippet:-1","max-image-preview":"max-image-preview:large","max-video-preview":"max-video-preview:-1"},"canonical":"https:\/\/www.uistasco.com\/ga\/doighean-buana\/","og_locale":"ga_IE","og_type":"article","og_title":"D\u00f2ighean-buana So-sheasmhach Feamad Albannaich \u01c0 Uist Asco","og_description":"Bidh buain na feamad a\u2019 toirt buaidh air an \u00e0rainneachd agus air coimhearsnachdan Innse Gall. Tha na d\u00f2ighean-buana so-sheasmhach seo aig cridhe Uist Asco.","og_url":"https:\/\/www.uistasco.com\/ga\/doighean-buana\/","og_site_name":"Uist Asco","article_modified_time":"2022-02-14T13:24:21+00:00","twitter_card":"summary_large_image","twitter_misc":{"Est. reading time":"2 minutes"},"schema":{"@context":"https:\/\/schema.org","@graph":[{"@type":"WebPage","@id":"https:\/\/www.uistasco.com\/ga\/doighean-buana\/","url":"https:\/\/www.uistasco.com\/ga\/doighean-buana\/","name":"D\u00f2ighean-buana So-sheasmhach Feamad Albannaich \u01c0 Uist Asco","isPartOf":{"@id":"https:\/\/www.uistasco.com\/#website"},"datePublished":"2019-07-26T18:53:49+00:00","dateModified":"2022-02-14T13:24:21+00:00","description":"Bidh buain na feamad a\u2019 toirt buaidh air an \u00e0rainneachd agus air coimhearsnachdan Innse Gall. Tha na d\u00f2ighean-buana so-sheasmhach seo aig cridhe Uist Asco.","breadcrumb":{"@id":"https:\/\/www.uistasco.com\/ga\/doighean-buana\/#breadcrumb"},"inLanguage":"ga-IE","potentialAction":[{"@type":"ReadAction","target":["https:\/\/www.uistasco.com\/ga\/doighean-buana\/"]}]},{"@type":"BreadcrumbList","@id":"https:\/\/www.uistasco.com\/ga\/doighean-buana\/#breadcrumb","itemListElement":[{"@type":"ListItem","position":1,"name":"Home","item":"https:\/\/www.uistasco.com\/ga\/"},{"@type":"ListItem","position":2,"name":"D\u00f2ighean-buana"}]},{"@type":"WebSite","@id":"https:\/\/www.uistasco.com\/#website","url":"https:\/\/www.uistasco.com\/","name":"Uist Asco","description":"Scottish Seaweed","publisher":{"@id":"https:\/\/www.uistasco.com\/#organization"},"potentialAction":[{"@type":"SearchAction","target":{"@type":"EntryPoint","urlTemplate":"https:\/\/www.uistasco.com\/?s={search_term_string}"},"query-input":{"@type":"PropertyValueSpecification","valueRequired":true,"valueName":"search_term_string"}}],"inLanguage":"ga-IE"},{"@type":"Organization","@id":"https:\/\/www.uistasco.com\/#organization","name":"Arramara","url":"https:\/\/www.uistasco.com\/","logo":{"@type":"ImageObject","inLanguage":"ga-IE","@id":"https:\/\/www.uistasco.com\/#\/schema\/logo\/image\/","url":"https:\/\/www.uistasco.com\/wp-content\/uploads\/2018\/11\/Group-205@2x.png","contentUrl":"https:\/\/www.uistasco.com\/wp-content\/uploads\/2018\/11\/Group-205@2x.png","width":261,"height":261,"caption":"Arramara"},"image":{"@id":"https:\/\/www.uistasco.com\/#\/schema\/logo\/image\/"}}]}},"_links":{"self":[{"href":"https:\/\/www.uistasco.com\/ga\/wp-json\/wp\/v2\/pages\/1305","targetHints":{"allow":["GET"]}}],"collection":[{"href":"https:\/\/www.uistasco.com\/ga\/wp-json\/wp\/v2\/pages"}],"about":[{"href":"https:\/\/www.uistasco.com\/ga\/wp-json\/wp\/v2\/types\/page"}],"author":[{"embeddable":true,"href":"https:\/\/www.uistasco.com\/ga\/wp-json\/wp\/v2\/users\/13"}],"replies":[{"embeddable":true,"href":"https:\/\/www.uistasco.com\/ga\/wp-json\/wp\/v2\/comments?post=1305"}],"version-history":[{"count":0,"href":"https:\/\/www.uistasco.com\/ga\/wp-json\/wp\/v2\/pages\/1305\/revisions"}],"wp:attachment":[{"href":"https:\/\/www.uistasco.com\/ga\/wp-json\/wp\/v2\/media?parent=1305"}],"curies":[{"name":"wp","href":"https:\/\/api.w.org\/{rel}","templated":true}]}}