{"id":1300,"date":"2019-07-26T18:42:28","date_gmt":"2019-07-26T18:42:28","guid":{"rendered":"https:\/\/uist.wpengine.com\/?page_id=1300"},"modified":"2022-02-14T13:27:34","modified_gmt":"2022-02-14T13:27:34","slug":"uist-asco-ar-so-sheasmachd-cleachdaidhean-so-sheasmhach","status":"publish","type":"page","link":"https:\/\/www.uistasco.com\/ga\/uist-asco-ar-so-sheasmachd-cleachdaidhean-so-sheasmhach\/","title":{"rendered":"Cleachdaidhean So-sheasmhach"},"content":{"rendered":"<p>[vc_row full_width=&#8221;stretch_row_content_no_spaces&#8221; content_placement=&#8221;middle&#8221; css=&#8221;.vc_custom_1644845251569{background: #e0e0e0 url(https:\/\/www.uistasco.com\/wp-content\/uploads\/2022\/02\/traditional-ring-rope-harvest-1.jpg?id=1636) !important;background-position: center !important;background-repeat: no-repeat !important;background-size: cover !important;}&#8221; el_class=&#8221;sub-banner&#8221;][vc_column css_animation=&#8221;fadeIn&#8221;][\/vc_column][\/vc_row][vc_row el_class=&#8221;page-bg-photo&#8221;][vc_column css_animation=&#8221;fadeIn&#8221; el_class=&#8221;content-center content-max&#8221;][vc_row_inner el_class=&#8221;container&#8221;][vc_column_inner][vc_column_text css_animation=&#8221;fadeIn&#8221;]<\/p>\n<h2><strong>Cleachdaidhean So-sheasmhach<\/strong><\/h2>\n<p>&nbsp;<\/p>\n<p><strong>Tha na h-uisgeachan fuara mu thimcheall nan Eileanan Siar ann an Alba glan gun truailleadh, be\u00f2 le iomadh se\u00f2rsa fiadh-bheatha, agus bidh iad a\u2019 toirt tacsa do choimhearsnachdan eileanach a th\u2019 air a bhith ann o shean. Nuair a bhios sinn a\u2019 buain na feamad sna h-uisgeachan beairteach seo bidh sinn daonnan a\u2019 beachdachadh air a\u2019 bhuaidh a th\u2019 againn air an \u00e0rainneachd agus air a\u2019 choimhearsnachd \u2013 agus air a\u2019 chleachdadh \u00e0rsaidh Albannach seo.<\/strong><\/p>\n<p>&nbsp;<\/p>\n<p><strong>Tha so-sheasmhachd agus gl\u00e8idheadh na h-\u00e0rainneachd aig cridhe obair Uist Asco. Eadar d\u00f2ighean-buana so-sheasmhach agus manaidseadh gn\u00ecomhach an st\u00f2rais, bidh sinn ag obair gus solar maireannach den fheamainn <em>Ascophyllum nodosum<\/em> a chumail suas a tha gu buannachd eaconomaidh agus \u00e0rainneachd na h-Alba san \u00f9ine fhada.<\/strong><\/p>\n<p>&nbsp;<\/p>\n<p><strong>Seo na bhios sinne a\u2019 d\u00e8anamh an-diugh \u00e0s leth an latha a-m\u00e0ireach:<\/strong><\/p>\n<p>[\/vc_column_text][\/vc_column_inner][\/vc_row_inner][vc_row_inner equal_height=&#8221;yes&#8221; el_class=&#8221;content-center content-max&#8221;][vc_column_inner width=&#8221;1\/2&#8243; css=&#8221;.vc_custom_1542749025635{padding: 50px !important;}&#8221;][vc_single_image image=&#8221;1333&#8243; img_size=&#8221;full&#8221; alignment=&#8221;center&#8221; css_animation=&#8221;fadeInUp&#8221; el_class=&#8221;image-shadow&#8221;][vc_empty_space][vc_column_text css_animation=&#8221;fadeIn&#8221;]<\/p>\n<div style=\"max-width: 420px; margin: 0 auto;\">\n<h3 class=\"header-med\">Buain Sho-sheasmhach<\/h3>\n<p style=\"margin-bottom: 35px; line-height: 25px;\">T\u00f2isichidh na h-oidhirpean againn air gl\u00e8idheadh na h-\u00e0rainneachd leis a\u2019 bhuain. Tha na d\u00f2ighean-buana againn air an dealbhadh le aire air mairsinneachd na feamad fiadhain. Bidh sinn a\u2019 buain le l\u00e0imh air neo r\u00e0cain sh\u00f2nraichte a n\u00ec cinnteach gu bheil gu le\u00f2r ann gus f\u00e0s \u00e0s \u00f9r.<\/p>\n<\/div>\n<p>[\/vc_column_text][vc_empty_space][\/vc_column_inner][vc_column_inner width=&#8221;1\/2&#8243; css=&#8221;.vc_custom_1542749037311{padding: 50px !important;}&#8221;][vc_single_image image=&#8221;1335&#8243; img_size=&#8221;full&#8221; alignment=&#8221;center&#8221; css_animation=&#8221;fadeInUp&#8221; el_class=&#8221;image-shadow&#8221;][vc_empty_space][vc_column_text css_animation=&#8221;fadeIn&#8221;]<\/p>\n<div style=\"max-width: 420px; margin: 0 auto;\">\n<h3 class=\"header-med\">Saidheans Ghoireasan<\/h3>\n<p style=\"margin-bottom: 35px; line-height: 25px;\">\u2019S e dleastasan f\u00ecor-chudromach a th\u2019 ann dhuinn a\u2019 gabhail c\u00f9ram ri Ascophyllum nodosum Albannach. Bidh am Bith-e\u00f2laiche Ghoireasan a\u2019 sgr\u00f9dadh agus a\u2019 tomhas na th\u2019 ann de dh\u2019fheamainn sa chladach, a\u2019 measadh sl\u00e0inte na h-\u00e0rainneachd mara ach an toir iad sti\u00f9ireadh don Chompanaidh agus a Luchd-buana a thaobh buana so-sheasmhaich.<\/p>\n<\/div>\n<p>[\/vc_column_text][vc_empty_space][\/vc_column_inner][\/vc_row_inner][vc_row_inner equal_height=&#8221;yes&#8221; content_placement=&#8221;top&#8221;][vc_column_inner width=&#8221;1\/2&#8243; css=&#8221;.vc_custom_1542749302113{padding: 50px !important;}&#8221;][vc_single_image image=&#8221;1416&#8243; img_size=&#8221;full&#8221; alignment=&#8221;center&#8221; css_animation=&#8221;fadeInUp&#8221; el_class=&#8221;image-shadow&#8221;][vc_empty_space][vc_column_text css_animation=&#8221;fadeIn&#8221;]<\/p>\n<div style=\"max-width: 420px; margin: 0 auto;\">\n<h3 class=\"header-med\">Manaidseadh St\u00f2rais<\/h3>\n<p style=\"margin-bottom: 35px; line-height: 25px;\"><span data-doc-id=\"6250757000003205008\" data-doc-type=\"function(){return&quot;writer&quot;}\">Mar luchd-gl\u00e8idhidh na h-\u00e0rainneachd mara, tha rannsachadh air sealltainn gur e st\u00f2ras mara a bhios ag \u00f9rachadh gu luath a th\u2019 ann am feamainn fhiadhain a th\u2019 air an deagh mhanaidseadh. Bidh am Manaidsear Ghoireasan ag obair gu dl\u00f9th ris an Luchd-buana gus d\u00e8anamh cinnteach gu bheil sinn a\u2019 cumail ris na cleachdaidhean sti\u00f9iridh so-sheasmhach againn.<\/span><\/p>\n<\/div>\n<p>[\/vc_column_text][vc_empty_space][\/vc_column_inner][vc_column_inner width=&#8221;1\/2&#8243; css=&#8221;.vc_custom_1542749292398{padding: 50px !important;}&#8221;][vc_single_image image=&#8221;1339&#8243; img_size=&#8221;full&#8221; alignment=&#8221;center&#8221; css_animation=&#8221;fadeInUp&#8221;][vc_empty_space][vc_column_text css_animation=&#8221;fadeIn&#8221;]<\/p>\n<div style=\"max-width: 420px; margin: 0 auto;\">\n<h3>G\u00e8illeadh RHI<\/h3>\n<p style=\"margin-bottom: 35px; line-height: 25px;\"><span data-doc-id=\"6250757000003205008\" data-doc-type=\"function(){return&quot;writer&quot;}\">Cha bhi an dleastanas a th\u2019 oirnn do sho-sheasmhachd a\u2019 sgur aig a\u2019 bhuain. Bidh Uist Asco a\u2019 s\u00ecor-obrachadh ach am bi giullachd na feamad a\u2019 tachairt san d\u00f2igh as so-sheasmhaiche, le bhith a\u2019 tiormachadh a\u2019 bhathair againn le pr\u00f2iseas a tha a r\u00e8ir mholaidhean an riaghaltais a thaobh teasachaidh ath-nuadhachail (<em>Renewable Heat Incentive<\/em><em>, RHI<\/em>), an \u00e0ite connaidh-fhosail. \u2019S e pr\u00ecomhachas obrachaidh a th\u2019 ann an l\u00f9ghdachadh na buaidhe a bheir sinn air an \u00e0rainneachd.<\/span><\/p>\n<\/div>\n<p>[\/vc_column_text][vc_empty_space][\/vc_column_inner][\/vc_row_inner][\/vc_column][\/vc_row][vc_row css_animation=&#8221;none&#8221; el_id=&#8221;titan-cta&#8221; el_class=&#8221;border-top&#8221;][vc_column]<\/p>\n<div class=\"templatera_shortcode\">\n<div data-vc-full-width=\"true\" data-vc-full-width-init=\"false\" data-vc-stretch-content=\"true\" class=\"vc_row wpb_row vc_row-fluid split-cta vc_custom_1545310294281 vc_row-no-padding vc_row-o-equal-height vc_row-flex\">\n<div class=\"split-blue-overlay split-col wpb_column vc_column_container vc_col-sm-6 vc_col-has-fill\">\n<div class=\"vc_column-inner vc_custom_1545310623931\">\n<div class=\"wpb_wrapper\">\n<div class=\"wpb_text_column wpb_content_element  wpb_animate_when_almost_visible wpb_fadeIn fadeIn split-copy\" >\n<div class=\"wpb_wrapper\">\n<h3>Deiseil gus bith-be\u00f2 a dh\u00e8anamh fhad \u2019s a n\u00ec thu diofar?<\/h3>\n<p style=\"text-align: center;\"><a class=\"button white-green\" href=\"\/ga\/fios-thugainn\/\" target=\"_self\">Thig a Bhuain<\/a><\/p>\n<\/p><\/div>\n<\/p><\/div>\n<div  class=\"wpb_single_image wpb_content_element vc_align_center\">\n<figure class=\"wpb_wrapper vc_figure\">\n<div class=\"vc_single_image-wrapper   vc_box_border_grey\"><img loading=\"lazy\" decoding=\"async\" width=\"688\" height=\"664\" src=\"https:\/\/www.uistasco.com\/wp-content\/uploads\/2023\/05\/new-688-x-664.png\" class=\"vc_single_image-img attachment-full\" alt=\"\" srcset=\"https:\/\/www.uistasco.com\/wp-content\/uploads\/2023\/05\/new-688-x-664.png 688w, https:\/\/www.uistasco.com\/wp-content\/uploads\/2023\/05\/new-688-x-664-300x290.png 300w\" sizes=\"auto, (max-width: 688px) 100vw, 688px\" \/><\/div>\n<\/figure><\/div>\n<\/div>\n<\/div>\n<\/div>\n<div class=\"split-green-overlay split-col wpb_column vc_column_container vc_col-sm-6 vc_col-has-fill\">\n<div class=\"vc_column-inner vc_custom_1545310240877\">\n<div class=\"wpb_wrapper\">\n<div class=\"wpb_text_column wpb_content_element  wpb_animate_when_almost_visible wpb_fadeIn fadeIn split-copy\" >\n<div class=\"wpb_wrapper\">\n<h3>Ag iarraidh nan naidheachdan as \u00f9ire air a\u2019 bhuain, a\u2019 choimhearsnachd agus Uist Asco?<\/h3>\n<p style=\"text-align: center;\"><a class=\"button white-green\" href=\"\/ga\/naidheachdan-agus-blog\/\" target=\"_self\">Leugh am Bloga Againn<\/a><\/p>\n<\/p><\/div>\n<\/p><\/div>\n<div  class=\"wpb_single_image wpb_content_element vc_align_center\">\n<figure class=\"wpb_wrapper vc_figure\">\n<div class=\"vc_single_image-wrapper   vc_box_border_grey\"><img loading=\"lazy\" decoding=\"async\" width=\"687\" height=\"664\" src=\"https:\/\/www.uistasco.com\/wp-content\/uploads\/2019\/08\/horse-collage.png\" class=\"vc_single_image-img attachment-full\" alt=\"\" srcset=\"https:\/\/www.uistasco.com\/wp-content\/uploads\/2019\/08\/horse-collage.png 687w, https:\/\/www.uistasco.com\/wp-content\/uploads\/2019\/08\/horse-collage-300x290.png 300w\" sizes=\"auto, (max-width: 687px) 100vw, 687px\" \/><\/div>\n<\/figure><\/div>\n<\/div>\n<\/div>\n<\/div>\n<\/div>\n<div class=\"vc_row-full-width vc_clearfix\"><\/div>\n<\/div>\n<p>[\/vc_column][\/vc_row]<\/p>\n","protected":false},"excerpt":{"rendered":"Deiseil gus bith-be\u00f2 a dh\u00e8anamh fhad \u2019s a n\u00ec thu diofar? Thig a Bhuain Ag iarraidh nan naidheachdan as \u00f9ire air a\u2019 bhuain, a\u2019 choimhearsnachd agus Uist Asco? Leugh am Bloga Againn","protected":false},"author":13,"featured_media":0,"parent":0,"menu_order":0,"comment_status":"closed","ping_status":"closed","template":"","meta":{"footnotes":""},"class_list":["post-1300","page","type-page","status-publish","hentry"],"yoast_head":"<!-- This site is optimized with the Yoast SEO plugin v27.5 - https:\/\/yoast.com\/product\/yoast-seo-wordpress\/ -->\n<title>Buain Sho-sheasmhach Ascophyllum Nodosum \u01c0 Uist Asco<\/title>\n<meta name=\"description\" content=\"Tha gl\u00e8idheadh na h-\u00e0rainneachd mar phr\u00ecomhachas do dh\u2019Uist Asco, cho math ri buain sho-sheasmhach ascophyllum nodosum agus manaidseadh st\u00f2rais.\" \/>\n<meta name=\"robots\" content=\"index, follow, max-snippet:-1, max-image-preview:large, max-video-preview:-1\" \/>\n<link rel=\"canonical\" href=\"https:\/\/www.uistasco.com\/ga\/uist-asco-ar-so-sheasmachd-cleachdaidhean-so-sheasmhach\/\" \/>\n<meta property=\"og:locale\" content=\"ga_IE\" \/>\n<meta property=\"og:type\" content=\"article\" \/>\n<meta property=\"og:title\" content=\"Buain Sho-sheasmhach Ascophyllum Nodosum \u01c0 Uist Asco\" \/>\n<meta property=\"og:description\" content=\"Tha gl\u00e8idheadh na h-\u00e0rainneachd mar phr\u00ecomhachas do dh\u2019Uist Asco, cho math ri buain sho-sheasmhach ascophyllum nodosum agus manaidseadh st\u00f2rais.\" \/>\n<meta property=\"og:url\" content=\"https:\/\/www.uistasco.com\/ga\/uist-asco-ar-so-sheasmachd-cleachdaidhean-so-sheasmhach\/\" \/>\n<meta property=\"og:site_name\" content=\"Uist Asco\" \/>\n<meta property=\"article:modified_time\" content=\"2022-02-14T13:27:34+00:00\" \/>\n<meta name=\"twitter:card\" content=\"summary_large_image\" \/>\n<meta name=\"twitter:label1\" content=\"Est. reading time\" \/>\n\t<meta name=\"twitter:data1\" content=\"2 minutes\" \/>\n<script type=\"application\/ld+json\" class=\"yoast-schema-graph\">{\"@context\":\"https:\\\/\\\/schema.org\",\"@graph\":[{\"@type\":\"WebPage\",\"@id\":\"https:\\\/\\\/www.uistasco.com\\\/ga\\\/uist-asco-ar-so-sheasmachd-cleachdaidhean-so-sheasmhach\\\/\",\"url\":\"https:\\\/\\\/www.uistasco.com\\\/ga\\\/uist-asco-ar-so-sheasmachd-cleachdaidhean-so-sheasmhach\\\/\",\"name\":\"Buain Sho-sheasmhach Ascophyllum Nodosum \u01c0 Uist Asco\",\"isPartOf\":{\"@id\":\"https:\\\/\\\/www.uistasco.com\\\/#website\"},\"datePublished\":\"2019-07-26T18:42:28+00:00\",\"dateModified\":\"2022-02-14T13:27:34+00:00\",\"description\":\"Tha gl\u00e8idheadh na h-\u00e0rainneachd mar phr\u00ecomhachas do dh\u2019Uist Asco, cho math ri buain sho-sheasmhach ascophyllum nodosum agus manaidseadh st\u00f2rais.\",\"breadcrumb\":{\"@id\":\"https:\\\/\\\/www.uistasco.com\\\/ga\\\/uist-asco-ar-so-sheasmachd-cleachdaidhean-so-sheasmhach\\\/#breadcrumb\"},\"inLanguage\":\"ga-IE\",\"potentialAction\":[{\"@type\":\"ReadAction\",\"target\":[\"https:\\\/\\\/www.uistasco.com\\\/ga\\\/uist-asco-ar-so-sheasmachd-cleachdaidhean-so-sheasmhach\\\/\"]}]},{\"@type\":\"BreadcrumbList\",\"@id\":\"https:\\\/\\\/www.uistasco.com\\\/ga\\\/uist-asco-ar-so-sheasmachd-cleachdaidhean-so-sheasmhach\\\/#breadcrumb\",\"itemListElement\":[{\"@type\":\"ListItem\",\"position\":1,\"name\":\"Home\",\"item\":\"https:\\\/\\\/www.uistasco.com\\\/ga\\\/\"},{\"@type\":\"ListItem\",\"position\":2,\"name\":\"Cleachdaidhean So-sheasmhach\"}]},{\"@type\":\"WebSite\",\"@id\":\"https:\\\/\\\/www.uistasco.com\\\/#website\",\"url\":\"https:\\\/\\\/www.uistasco.com\\\/\",\"name\":\"Uist Asco\",\"description\":\"Scottish Seaweed\",\"publisher\":{\"@id\":\"https:\\\/\\\/www.uistasco.com\\\/#organization\"},\"potentialAction\":[{\"@type\":\"SearchAction\",\"target\":{\"@type\":\"EntryPoint\",\"urlTemplate\":\"https:\\\/\\\/www.uistasco.com\\\/?s={search_term_string}\"},\"query-input\":{\"@type\":\"PropertyValueSpecification\",\"valueRequired\":true,\"valueName\":\"search_term_string\"}}],\"inLanguage\":\"ga-IE\"},{\"@type\":\"Organization\",\"@id\":\"https:\\\/\\\/www.uistasco.com\\\/#organization\",\"name\":\"Arramara\",\"url\":\"https:\\\/\\\/www.uistasco.com\\\/\",\"logo\":{\"@type\":\"ImageObject\",\"inLanguage\":\"ga-IE\",\"@id\":\"https:\\\/\\\/www.uistasco.com\\\/#\\\/schema\\\/logo\\\/image\\\/\",\"url\":\"https:\\\/\\\/www.uistasco.com\\\/wp-content\\\/uploads\\\/2018\\\/11\\\/Group-205@2x.png\",\"contentUrl\":\"https:\\\/\\\/www.uistasco.com\\\/wp-content\\\/uploads\\\/2018\\\/11\\\/Group-205@2x.png\",\"width\":261,\"height\":261,\"caption\":\"Arramara\"},\"image\":{\"@id\":\"https:\\\/\\\/www.uistasco.com\\\/#\\\/schema\\\/logo\\\/image\\\/\"}}]}<\/script>\n<!-- \/ Yoast SEO plugin. -->","yoast_head_json":{"title":"Buain Sho-sheasmhach Ascophyllum Nodosum \u01c0 Uist Asco","description":"Tha gl\u00e8idheadh na h-\u00e0rainneachd mar phr\u00ecomhachas do dh\u2019Uist Asco, cho math ri buain sho-sheasmhach ascophyllum nodosum agus manaidseadh st\u00f2rais.","robots":{"index":"index","follow":"follow","max-snippet":"max-snippet:-1","max-image-preview":"max-image-preview:large","max-video-preview":"max-video-preview:-1"},"canonical":"https:\/\/www.uistasco.com\/ga\/uist-asco-ar-so-sheasmachd-cleachdaidhean-so-sheasmhach\/","og_locale":"ga_IE","og_type":"article","og_title":"Buain Sho-sheasmhach Ascophyllum Nodosum \u01c0 Uist Asco","og_description":"Tha gl\u00e8idheadh na h-\u00e0rainneachd mar phr\u00ecomhachas do dh\u2019Uist Asco, cho math ri buain sho-sheasmhach ascophyllum nodosum agus manaidseadh st\u00f2rais.","og_url":"https:\/\/www.uistasco.com\/ga\/uist-asco-ar-so-sheasmachd-cleachdaidhean-so-sheasmhach\/","og_site_name":"Uist Asco","article_modified_time":"2022-02-14T13:27:34+00:00","twitter_card":"summary_large_image","twitter_misc":{"Est. reading time":"2 minutes"},"schema":{"@context":"https:\/\/schema.org","@graph":[{"@type":"WebPage","@id":"https:\/\/www.uistasco.com\/ga\/uist-asco-ar-so-sheasmachd-cleachdaidhean-so-sheasmhach\/","url":"https:\/\/www.uistasco.com\/ga\/uist-asco-ar-so-sheasmachd-cleachdaidhean-so-sheasmhach\/","name":"Buain Sho-sheasmhach Ascophyllum Nodosum \u01c0 Uist Asco","isPartOf":{"@id":"https:\/\/www.uistasco.com\/#website"},"datePublished":"2019-07-26T18:42:28+00:00","dateModified":"2022-02-14T13:27:34+00:00","description":"Tha gl\u00e8idheadh na h-\u00e0rainneachd mar phr\u00ecomhachas do dh\u2019Uist Asco, cho math ri buain sho-sheasmhach ascophyllum nodosum agus manaidseadh st\u00f2rais.","breadcrumb":{"@id":"https:\/\/www.uistasco.com\/ga\/uist-asco-ar-so-sheasmachd-cleachdaidhean-so-sheasmhach\/#breadcrumb"},"inLanguage":"ga-IE","potentialAction":[{"@type":"ReadAction","target":["https:\/\/www.uistasco.com\/ga\/uist-asco-ar-so-sheasmachd-cleachdaidhean-so-sheasmhach\/"]}]},{"@type":"BreadcrumbList","@id":"https:\/\/www.uistasco.com\/ga\/uist-asco-ar-so-sheasmachd-cleachdaidhean-so-sheasmhach\/#breadcrumb","itemListElement":[{"@type":"ListItem","position":1,"name":"Home","item":"https:\/\/www.uistasco.com\/ga\/"},{"@type":"ListItem","position":2,"name":"Cleachdaidhean So-sheasmhach"}]},{"@type":"WebSite","@id":"https:\/\/www.uistasco.com\/#website","url":"https:\/\/www.uistasco.com\/","name":"Uist Asco","description":"Scottish Seaweed","publisher":{"@id":"https:\/\/www.uistasco.com\/#organization"},"potentialAction":[{"@type":"SearchAction","target":{"@type":"EntryPoint","urlTemplate":"https:\/\/www.uistasco.com\/?s={search_term_string}"},"query-input":{"@type":"PropertyValueSpecification","valueRequired":true,"valueName":"search_term_string"}}],"inLanguage":"ga-IE"},{"@type":"Organization","@id":"https:\/\/www.uistasco.com\/#organization","name":"Arramara","url":"https:\/\/www.uistasco.com\/","logo":{"@type":"ImageObject","inLanguage":"ga-IE","@id":"https:\/\/www.uistasco.com\/#\/schema\/logo\/image\/","url":"https:\/\/www.uistasco.com\/wp-content\/uploads\/2018\/11\/Group-205@2x.png","contentUrl":"https:\/\/www.uistasco.com\/wp-content\/uploads\/2018\/11\/Group-205@2x.png","width":261,"height":261,"caption":"Arramara"},"image":{"@id":"https:\/\/www.uistasco.com\/#\/schema\/logo\/image\/"}}]}},"_links":{"self":[{"href":"https:\/\/www.uistasco.com\/ga\/wp-json\/wp\/v2\/pages\/1300","targetHints":{"allow":["GET"]}}],"collection":[{"href":"https:\/\/www.uistasco.com\/ga\/wp-json\/wp\/v2\/pages"}],"about":[{"href":"https:\/\/www.uistasco.com\/ga\/wp-json\/wp\/v2\/types\/page"}],"author":[{"embeddable":true,"href":"https:\/\/www.uistasco.com\/ga\/wp-json\/wp\/v2\/users\/13"}],"replies":[{"embeddable":true,"href":"https:\/\/www.uistasco.com\/ga\/wp-json\/wp\/v2\/comments?post=1300"}],"version-history":[{"count":0,"href":"https:\/\/www.uistasco.com\/ga\/wp-json\/wp\/v2\/pages\/1300\/revisions"}],"wp:attachment":[{"href":"https:\/\/www.uistasco.com\/ga\/wp-json\/wp\/v2\/media?parent=1300"}],"curies":[{"name":"wp","href":"https:\/\/api.w.org\/{rel}","templated":true}]}}