{"id":1296,"date":"2019-07-26T18:26:52","date_gmt":"2019-07-26T18:26:52","guid":{"rendered":"https:\/\/uist.wpengine.com\/?page_id=1296"},"modified":"2020-04-17T13:43:52","modified_gmt":"2020-04-17T13:43:52","slug":"uist-asco-ar-sgeul-feum-a-feamainn","status":"publish","type":"page","link":"https:\/\/www.uistasco.com\/ga\/uist-asco-ar-sgeul-feum-a-feamainn\/","title":{"rendered":"Feum \u00e0 Feamainn"},"content":{"rendered":"<p>[vc_row full_width=&#8221;stretch_row_content_no_spaces&#8221; content_placement=&#8221;middle&#8221; css=&#8221;.vc_custom_1564165785119{background: #e0e0e0 url(https:\/\/www.uistasco.com\/wp-content\/uploads\/2019\/07\/Uist-Asco-The-Uses-of-Seaweed-Banner.jpeg?id=1251) !important;background-position: center !important;background-repeat: no-repeat !important;background-size: cover !important;}&#8221; el_class=&#8221;sub-banner&#8221;][vc_column css_animation=&#8221;fadeIn&#8221;][\/vc_column][\/vc_row][vc_row el_class=&#8221;page-bg-photo&#8221;][vc_column css_animation=&#8221;fadeIn&#8221; el_class=&#8221;content-center content-max&#8221;][vc_row_inner el_class=&#8221;container&#8221;][vc_column_inner][vc_column_text css_animation=&#8221;fadeIn&#8221;]<\/p>\n<h2><strong>Feum \u00e0 Feamainn<\/strong><\/h2>\n<p>&nbsp;<\/p>\n<p><strong>A\u2019 f\u00e0s gu pailt air na cladaichean againn, s\u00f9ghaidh <em>Ascophyllum nodosum<\/em> maitheas gathan na gr\u00e8ine agus uisgeachan glana a\u2019 Chuain Uibhistich. Bidh iad seo a\u2019 leigeil leis an fheamainn f\u00e0s gu math, a\u2019 tarraing iomadh se\u00f2rsa beathachaidh \u00e0s an \u00e0rainneachd n\u00e0darra neo-thruaillte seo.<\/strong><\/p>\n<p>&nbsp;<\/p>\n<p><strong>C\u00e0it an t\u00e8id feamainn Albannach an d\u00e8idh dhuinn a giullachd? Seo agaibh corra feum a th\u00e8id a dh\u00e8anamh \u00e0 feamainn ann an Alba, agus air feadh an t-saoghail:<\/strong><\/p>\n<p>[\/vc_column_text][\/vc_column_inner][\/vc_row_inner][vc_row_inner equal_height=&#8221;yes&#8221; content_placement=&#8221;middle&#8221;][vc_column_inner width=&#8221;1\/2&#8243; css=&#8221;.vc_custom_1542749302113{padding: 50px !important;}&#8221;][vc_single_image image=&#8221;1322&#8243; img_size=&#8221;full&#8221; alignment=&#8221;center&#8221; css_animation=&#8221;fadeInUp&#8221; el_class=&#8221;image-shadow&#8221;][\/vc_column_inner][vc_column_inner width=&#8221;1\/2&#8243; css=&#8221;.vc_custom_1542749292398{padding: 50px !important;}&#8221;][vc_column_text css_animation=&#8221;fadeIn&#8221;]<\/p>\n<div style=\"max-width: 460px;\">\n<h3 class=\"header-med\">Leasachadh-b\u00ecdhe Beathachail agus N\u00e0darra<\/h3>\n<p>\u2019S e st\u00f2r n\u00e0darra torrach do bhiadhadh agus leasachadh-b\u00ecdhe stuic agus a th\u2019 anns <em>Ascophyllum nodosum<\/em> Albannach. Tha fianais gum bi an stoc, na peataichean agus be\u00f2thaichean-taisbeanaidh a dh\u2019itheas feamainn anns a\u2019 bhiadhadh aca nas sunndaiche, nas l\u00e0idire agus nas fallainne.<\/p>\n<\/div>\n<p>[\/vc_column_text][\/vc_column_inner][\/vc_row_inner][vc_row_inner equal_height=&#8221;yes&#8221; content_placement=&#8221;middle&#8221; el_class=&#8221;content-center content-max&#8221;][vc_column_inner width=&#8221;1\/2&#8243; css=&#8221;.vc_custom_1542749025635{padding: 50px !important;}&#8221;][vc_column_text css_animation=&#8221;fadeIn&#8221;]<\/p>\n<div style=\"max-width: 420px; margin: 0 auto;\">\n<h3 class=\"header-med\">Leasachadh-\u00f9ire Be\u00f2thail<\/h3>\n<p style=\"margin-bottom: 35px; line-height: 25px;\">Feumar gach lus \u00f9ir fhallainn thorrach gu failleanachadh agus f\u00e0s. Bidh na leasachaidhean-\u00f9ire anns anns a bheil an fheamainn dhonn againne air an saoibhreachadh leis a\u2019 bheathachadh a tha a dh\u00ecth gus f\u00e0s a bhrosnachadh.<\/p>\n<\/div>\n<p>[\/vc_column_text][\/vc_column_inner][vc_column_inner width=&#8221;1\/2&#8243; css=&#8221;.vc_custom_1542749037311{padding: 50px !important;}&#8221;][vc_single_image image=&#8221;1324&#8243; img_size=&#8221;full&#8221; alignment=&#8221;center&#8221; css_animation=&#8221;fadeInUp&#8221; el_class=&#8221;image-shadow&#8221;][\/vc_column_inner][\/vc_row_inner][vc_row_inner equal_height=&#8221;yes&#8221; content_placement=&#8221;middle&#8221; el_class=&#8221;content-center content-max&#8221;][vc_column_inner width=&#8221;1\/2&#8243; css=&#8221;.vc_custom_1542749025635{padding: 50px !important;}&#8221;][\/vc_column_inner][vc_column_inner width=&#8221;1\/2&#8243; css=&#8221;.vc_custom_1542749037311{padding: 50px !important;}&#8221;][\/vc_column_inner][\/vc_row_inner][\/vc_column][\/vc_row][vc_row el_class=&#8221;page-bg-photo about-section&#8221;][vc_column][vc_row_inner content_placement=&#8221;middle&#8221; el_class=&#8221;container&#8221;][vc_column_inner width=&#8221;1\/2&#8243;][vc_empty_space height=&#8221;60px&#8221;][vc_single_image image=&#8221;1331&#8243; img_size=&#8221;full&#8221; alignment=&#8221;center&#8221; css_animation=&#8221;fadeInUp&#8221; el_class=&#8221;image-shadow&#8221;][vc_empty_space height=&#8221;60px&#8221;][\/vc_column_inner][vc_column_inner width=&#8221;1\/2&#8243;][vc_column_text css_animation=&#8221;fadeIn&#8221;]<\/p>\n<div style=\"max-width: 420px; margin: 0 auto;\">\n<h3 class=\"header-med\">Biadh fallainn<\/h3>\n<p style=\"margin-bottom: 35px; line-height: 25px;\">An-diugh, tha daoine nas mothachaile air an sl\u00e0inte, a\u2019 siubhal biadh fallainn anns am faigh iad am beathachadh a tha a dh\u00ecth orra. \u2019S e st\u00f2r math de bhiadh n\u00e0darra fallainn, rud ris an cante nutraceutical, a th\u2019 anns an fheamainn Albannach a dh\u2019fhaodas cur ri sl\u00e0inte is soirbheas dhaoine air feadh an t-saoghail.<\/p>\n<\/div>\n<p>[\/vc_column_text][\/vc_column_inner][\/vc_row_inner][\/vc_column][\/vc_row][vc_row css_animation=&#8221;none&#8221; el_class=&#8221;border-top&#8221;][vc_column]<\/p>\n<div class=\"templatera_shortcode\">\n<div data-vc-full-width=\"true\" data-vc-full-width-init=\"false\" data-vc-stretch-content=\"true\" class=\"vc_row wpb_row vc_row-fluid split-cta vc_custom_1545310294281 vc_row-no-padding vc_row-o-equal-height vc_row-flex\">\n<div class=\"split-blue-overlay split-col wpb_column vc_column_container vc_col-sm-6 vc_col-has-fill\">\n<div class=\"vc_column-inner vc_custom_1545310623931\">\n<div class=\"wpb_wrapper\">\n<div class=\"wpb_text_column wpb_content_element  wpb_animate_when_almost_visible wpb_fadeIn fadeIn split-copy\" >\n<div class=\"wpb_wrapper\">\n<h3>Ag iarraidh nan naidheachdan as \u00f9ire air a\u2019 bhuain, a\u2019 choimhearsnachd agus Uist Asco?<\/h3>\n<p style=\"text-align: center;\"><a class=\"button white-blue\" href=\"\/ga\/naidheachdan-agus-blog\/\" target=\"_self\">Leugh am Bloga Againn<\/a><\/p>\n<\/p><\/div>\n<\/p><\/div>\n<div  class=\"wpb_single_image wpb_content_element vc_align_center\">\n<figure class=\"wpb_wrapper vc_figure\">\n<div class=\"vc_single_image-wrapper   vc_box_border_grey\"><img loading=\"lazy\" decoding=\"async\" width=\"688\" height=\"664\" src=\"https:\/\/www.uistasco.com\/wp-content\/uploads\/2023\/05\/new-688-x-664.png\" class=\"vc_single_image-img attachment-full\" alt=\"\" srcset=\"https:\/\/www.uistasco.com\/wp-content\/uploads\/2023\/05\/new-688-x-664.png 688w, https:\/\/www.uistasco.com\/wp-content\/uploads\/2023\/05\/new-688-x-664-300x290.png 300w\" sizes=\"auto, (max-width: 688px) 100vw, 688px\" \/><\/div>\n<\/figure><\/div>\n<\/div>\n<\/div>\n<\/div>\n<div class=\"split-green-overlay split-col wpb_column vc_column_container vc_col-sm-6 vc_col-has-fill\">\n<div class=\"vc_column-inner vc_custom_1545310240877\">\n<div class=\"wpb_wrapper\">\n<div class=\"wpb_text_column wpb_content_element  wpb_animate_when_almost_visible wpb_fadeIn fadeIn split-copy\" >\n<div class=\"wpb_wrapper\">\n<h3>Ionnsaich a bharrachd mu na buannachdan a tha an cois <em>Ascophyllum nodosum<\/em>!<\/h3>\n<p style=\"text-align: center;\"><a class=\"button white-green\" href=\"\/ga\/fios-thugainn\/\" target=\"_self\">Fios thugainn<\/a><\/p>\n<\/p><\/div>\n<\/p><\/div>\n<div  class=\"wpb_single_image wpb_content_element vc_align_center\">\n<figure class=\"wpb_wrapper vc_figure\">\n<div class=\"vc_single_image-wrapper   vc_box_border_grey\"><img loading=\"lazy\" decoding=\"async\" width=\"687\" height=\"664\" src=\"https:\/\/www.uistasco.com\/wp-content\/uploads\/2019\/08\/horse-collage.png\" class=\"vc_single_image-img attachment-full\" alt=\"\" srcset=\"https:\/\/www.uistasco.com\/wp-content\/uploads\/2019\/08\/horse-collage.png 687w, https:\/\/www.uistasco.com\/wp-content\/uploads\/2019\/08\/horse-collage-300x290.png 300w\" sizes=\"auto, (max-width: 687px) 100vw, 687px\" \/><\/div>\n<\/figure><\/div>\n<\/div>\n<\/div>\n<\/div>\n<\/div>\n<div class=\"vc_row-full-width vc_clearfix\"><\/div>\n<\/div>\n<p>[\/vc_column][\/vc_row][vc_row][vc_column]<\/p>\n<div class=\"templatera_shortcode\">\n<div class=\"vc_row wpb_row vc_row-fluid contact-us-section vc_custom_1561751867526\">\n<div class=\"wpb_column vc_column_container vc_col-sm-12\">\n<div class=\"vc_column-inner\">\n<div class=\"wpb_wrapper\">\n<div class=\"vc_row wpb_row vc_inner vc_row-fluid vc_row-o-equal-height vc_row-o-content-middle vc_row-flex\">\n<div class=\"wpb_column vc_column_container vc_col-sm-6\">\n<div class=\"vc_column-inner\">\n<div class=\"wpb_wrapper\">\n<div class=\"wpb_text_column wpb_content_element  wpb_animate_when_almost_visible wpb_fadeIn fadeIn\" >\n<div class=\"wpb_wrapper\">\n<h2>Cuir fios thugainn agus ionnsaich mu bhuannachdan na feamad!<\/h2>\n<\/p><\/div>\n<\/p><\/div>\n<div class=\"wpcf7 no-js\" id=\"wpcf7-f1421-o1\" lang=\"en-US\" dir=\"ltr\" data-wpcf7-id=\"1421\">\n<div class=\"screen-reader-response\">\n<p role=\"status\" aria-live=\"polite\" aria-atomic=\"true\">\n<ul><\/ul>\n<\/div>\n<form action=\"\/ga\/wp-json\/wp\/v2\/pages\/1296#wpcf7-f1421-o1\" method=\"post\" class=\"wpcf7-form init\" aria-label=\"Contact form\" novalidate=\"novalidate\" data-status=\"init\">\n<fieldset class=\"hidden-fields-container\"><input type=\"hidden\" name=\"_wpcf7\" value=\"1421\" \/><input type=\"hidden\" name=\"_wpcf7_version\" value=\"6.1.5\" \/><input type=\"hidden\" name=\"_wpcf7_locale\" value=\"en_US\" \/><input type=\"hidden\" name=\"_wpcf7_unit_tag\" value=\"wpcf7-f1421-o1\" \/><input type=\"hidden\" name=\"_wpcf7_container_post\" value=\"0\" \/><input type=\"hidden\" name=\"_wpcf7_posted_data_hash\" value=\"\" \/><input type=\"hidden\" name=\"_wpcf7_recaptcha_response\" value=\"\" \/><br \/>\n<\/fieldset>\n<div class=\"contact-inputs flex-container\">\n<p><span class=\"wpcf7-form-control-wrap\" data-name=\"your-name\"><input size=\"40\" maxlength=\"400\" class=\"wpcf7-form-control wpcf7-text wpcf7-validates-as-required\" aria-required=\"true\" aria-invalid=\"false\" placeholder=\"Cuir ann d\u2019 ainm\" value=\"\" type=\"text\" name=\"your-name\" \/><\/span><span class=\"wpcf7-form-control-wrap\" data-name=\"your-email\"><input size=\"40\" maxlength=\"400\" class=\"wpcf7-form-control wpcf7-email wpcf7-validates-as-required wpcf7-text wpcf7-validates-as-email\" aria-required=\"true\" aria-invalid=\"false\" placeholder=\"Cuir ann do phost-d\" value=\"\" type=\"email\" name=\"your-email\" \/><\/span><span class=\"wpcf7-form-control-wrap\" data-name=\"your-message\"><textarea cols=\"40\" rows=\"10\" maxlength=\"2000\" class=\"wpcf7-form-control wpcf7-textarea wpcf7-validates-as-required\" aria-required=\"true\" aria-invalid=\"false\" placeholder=\"Am brath agad\" name=\"your-message\"><\/textarea><\/span>\n\t<\/p>\n<\/div>\n<p><input class=\"wpcf7-form-control wpcf7-submit has-spinner button green\" type=\"submit\" value=\"Cuir\" \/>\n<\/p>\n<div class=\"wpcf7-response-output\" aria-hidden=\"true\"><\/div>\n<\/form>\n<\/div>\n<\/div>\n<\/div>\n<\/div>\n<div class=\"wpb_column vc_column_container vc_col-sm-6\">\n<div class=\"vc_column-inner\">\n<div class=\"wpb_wrapper\">\n<div  class=\"wpb_single_image wpb_content_element vc_align_center  wpb_animate_when_almost_visible wpb_fadeInUp fadeInUp\">\n<figure class=\"wpb_wrapper vc_figure\">\n<div class=\"vc_single_image-wrapper   vc_box_border_grey\"><img loading=\"lazy\" decoding=\"async\" width=\"884\" height=\"563\" src=\"https:\/\/www.uistasco.com\/wp-content\/uploads\/2019\/06\/Uist-Asco-image-size.png\" class=\"vc_single_image-img attachment-full\" alt=\"\" srcset=\"https:\/\/www.uistasco.com\/wp-content\/uploads\/2019\/06\/Uist-Asco-image-size.png 884w, https:\/\/www.uistasco.com\/wp-content\/uploads\/2019\/06\/Uist-Asco-image-size-300x191.png 300w, https:\/\/www.uistasco.com\/wp-content\/uploads\/2019\/06\/Uist-Asco-image-size-768x489.png 768w\" sizes=\"auto, (max-width: 884px) 100vw, 884px\" \/><\/div>\n<\/figure><\/div>\n<\/div>\n<\/div>\n<\/div>\n<\/div>\n<\/div>\n<\/div>\n<\/div>\n<\/div>\n<\/div>\n<p>[\/vc_column][\/vc_row][vc_row][vc_column]<\/p>\n<div class=\"templatera_shortcode\">\n<div class=\"vc_row wpb_row vc_row-fluid content-center content-max\">\n<div class=\"wpb_column vc_column_container vc_col-sm-12\">\n<div class=\"vc_column-inner\">\n<div class=\"wpb_wrapper\">\n<div class=\"vc_empty_space\"   style=\"height: 30px\"><span class=\"vc_empty_space_inner\"><\/span><\/div>\n<div class=\"wpb_text_column wpb_content_element  wpb_animate_when_almost_visible wpb_fadeIn fadeIn\" >\n<div class=\"wpb_wrapper\">\n<h2 style=\"text-align: center;\">Na teisteanasan againn<\/h2>\n<p>&nbsp;<\/p>\n<\/p><\/div>\n<\/p><\/div>\n<\/div>\n<\/div>\n<\/div>\n<\/div>\n<div class=\"vc_row wpb_row vc_row-fluid content-center content-max\">\n<div class=\"wpb_animate_when_almost_visible wpb_fadeInUp fadeInUp wpb_column vc_column_container vc_col-sm-3\">\n<div class=\"vc_column-inner\">\n<div class=\"wpb_wrapper\">\n<div class=\"vc_empty_space\"   style=\"height: 32px\"><span class=\"vc_empty_space_inner\"><\/span><\/div>\n<div  class=\"wpb_single_image wpb_content_element vc_align_center\">\n<figure class=\"wpb_wrapper vc_figure\">\n\t\t\t<a href=\"https:\/\/ec.europa.eu\/info\/index_en\" target=\"_blank\" class=\"vc_single_image-wrapper   vc_box_border_grey\"><img loading=\"lazy\" decoding=\"async\" class=\"vc_single_image-img \" src=\"https:\/\/www.uistasco.com\/wp-content\/uploads\/2019\/08\/Untitled-design-2021-09-24T115337.423.png\" width=\"180\" height=\"150\" alt=\"Untitled design - 2021-09-24T115337.423\" title=\"Untitled design - 2021-09-24T115337.423\" \/><\/a><br \/>\n\t\t<\/figure>\n<\/p><\/div>\n<\/div>\n<\/div>\n<\/div>\n<div class=\"wpb_animate_when_almost_visible wpb_fadeInUp fadeInUp wpb_column vc_column_container vc_col-sm-3\">\n<div class=\"vc_column-inner\">\n<div class=\"wpb_wrapper\">\n<div class=\"vc_empty_space\"   style=\"height: 32px\"><span class=\"vc_empty_space_inner\"><\/span><\/div>\n<div  class=\"wpb_single_image wpb_content_element vc_align_center\">\n<figure class=\"wpb_wrapper vc_figure\">\n\t\t\t<a href=\"https:\/\/fems-microbiology.org\/\" target=\"_blank\" class=\"vc_single_image-wrapper   vc_box_border_grey\"><img loading=\"lazy\" decoding=\"async\" class=\"vc_single_image-img \" src=\"https:\/\/www.uistasco.com\/wp-content\/uploads\/2019\/08\/logo2.png\" width=\"140\" height=\"101\" alt=\"logo2\" title=\"logo2\" \/><\/a><br \/>\n\t\t<\/figure>\n<\/p><\/div>\n<div class=\"wpb_text_column wpb_content_element \" >\n<div class=\"wpb_wrapper\">\n<p style=\"text-align: center;\">FEMAS-57630<\/p>\n<\/p><\/div>\n<\/p><\/div>\n<\/div>\n<\/div>\n<\/div>\n<div class=\"wpb_animate_when_almost_visible wpb_fadeInUp fadeInUp wpb_column vc_column_container vc_col-sm-3\">\n<div class=\"vc_column-inner\">\n<div class=\"wpb_wrapper\">\n<div class=\"vc_empty_space\"   style=\"height: 32px\"><span class=\"vc_empty_space_inner\"><\/span><\/div>\n<div  class=\"wpb_single_image wpb_content_element vc_align_center\">\n<figure class=\"wpb_wrapper vc_figure\">\n\t\t\t<a href=\"https:\/\/www.soilassociation.org\/\" target=\"_blank\" class=\"vc_single_image-wrapper   vc_box_border_grey\"><img loading=\"lazy\" decoding=\"async\" class=\"vc_single_image-img \" src=\"https:\/\/www.uistasco.com\/wp-content\/uploads\/2019\/08\/logo3.png\" width=\"140\" height=\"139\" alt=\"logo3\" title=\"logo3\" \/><\/a><br \/>\n\t\t<\/figure>\n<\/p><\/div>\n<\/div>\n<\/div>\n<\/div>\n<div class=\"wpb_column vc_column_container vc_col-sm-3\">\n<div class=\"vc_column-inner\">\n<div class=\"wpb_wrapper\">\n<div class=\"vc_empty_space\"   style=\"height: 32px\"><span class=\"vc_empty_space_inner\"><\/span><\/div>\n<div  class=\"wpb_single_image wpb_content_element vc_align_center\">\n<figure class=\"wpb_wrapper vc_figure\">\n\t\t\t<a href=\"https:\/\/www.soilassociation.org\/\" target=\"_blank\" class=\"vc_single_image-wrapper   vc_box_border_grey\"><img loading=\"lazy\" decoding=\"async\" width=\"300\" height=\"200\" src=\"https:\/\/www.uistasco.com\/wp-content\/uploads\/2019\/08\/Untitled-design-2022-11-29T162439.488.png\" class=\"vc_single_image-img attachment-medium\" alt=\"\" \/><\/a><br \/>\n\t\t<\/figure>\n<\/p><\/div>\n<\/div>\n<\/div>\n<\/div>\n<\/div>\n<div class=\"vc_row wpb_row vc_row-fluid content-center content-max\">\n<div class=\"wpb_column vc_column_container vc_col-sm-3\">\n<div class=\"vc_column-inner\">\n<div class=\"wpb_wrapper\">\n<div class=\"vc_empty_space\"   style=\"height: 32px\"><span class=\"vc_empty_space_inner\"><\/span><\/div>\n<\/div>\n<\/div>\n<\/div>\n<div class=\"wpb_column vc_column_container vc_col-sm-3\">\n<div class=\"vc_column-inner\">\n<div class=\"wpb_wrapper\">\n<div class=\"vc_empty_space\"   style=\"height: 32px\"><span class=\"vc_empty_space_inner\"><\/span><\/div>\n<\/div>\n<\/div>\n<\/div>\n<div class=\"wpb_column vc_column_container vc_col-sm-3\">\n<div class=\"vc_column-inner\">\n<div class=\"wpb_wrapper\">\n<div class=\"vc_empty_space\"   style=\"height: 32px\"><span class=\"vc_empty_space_inner\"><\/span><\/div>\n<\/div>\n<\/div>\n<\/div>\n<div class=\"wpb_column vc_column_container vc_col-sm-3\">\n<div class=\"vc_column-inner\">\n<div class=\"wpb_wrapper\">\n<div class=\"vc_empty_space\"   style=\"height: 32px\"><span class=\"vc_empty_space_inner\"><\/span><\/div>\n<\/div>\n<\/div>\n<\/div>\n<\/div>\n<\/div>\n<p>[\/vc_column][\/vc_row]<\/p>\n","protected":false},"excerpt":{"rendered":"Na teisteanasan againn &nbsp; FEMAS-57630","protected":false},"author":13,"featured_media":0,"parent":0,"menu_order":0,"comment_status":"closed","ping_status":"closed","template":"","meta":{"footnotes":""},"class_list":["post-1296","page","type-page","status-publish","hentry"],"yoast_head":"<!-- This site is optimized with the Yoast SEO plugin v27.4 - https:\/\/yoast.com\/product\/yoast-seo-wordpress\/ -->\n<title>Buannachd \u00e0 Feamainn Thioramaichte \u01c0 Feum \u00e0 Feamainn \u01c0 Uist Asco<\/title>\n<meta name=\"description\" content=\"Th\u00e8id caochladh feuma a dh\u00e8anamh \u00e0 ascophyllum nodosum, eadar leasachadh-b\u00ecdhe gu leasachadh-\u00f9ire n\u00e0darra. Ionnsaich mu luach na feamad.\" \/>\n<meta name=\"robots\" content=\"index, follow, max-snippet:-1, max-image-preview:large, max-video-preview:-1\" \/>\n<link rel=\"canonical\" href=\"https:\/\/www.uistasco.com\/ga\/uist-asco-ar-sgeul-feum-a-feamainn\/\" \/>\n<meta property=\"og:locale\" content=\"ga_IE\" \/>\n<meta property=\"og:type\" content=\"article\" \/>\n<meta property=\"og:title\" content=\"Buannachd \u00e0 Feamainn Thioramaichte \u01c0 Feum \u00e0 Feamainn \u01c0 Uist Asco\" \/>\n<meta property=\"og:description\" content=\"Th\u00e8id caochladh feuma a dh\u00e8anamh \u00e0 ascophyllum nodosum, eadar leasachadh-b\u00ecdhe gu leasachadh-\u00f9ire n\u00e0darra. Ionnsaich mu luach na feamad.\" \/>\n<meta property=\"og:url\" content=\"https:\/\/www.uistasco.com\/ga\/uist-asco-ar-sgeul-feum-a-feamainn\/\" \/>\n<meta property=\"og:site_name\" content=\"Uist Asco\" \/>\n<meta property=\"article:modified_time\" content=\"2020-04-17T13:43:52+00:00\" \/>\n<meta name=\"twitter:card\" content=\"summary_large_image\" \/>\n<meta name=\"twitter:label1\" content=\"Est. reading time\" \/>\n\t<meta name=\"twitter:data1\" content=\"3 minutes\" \/>\n<script type=\"application\/ld+json\" class=\"yoast-schema-graph\">{\"@context\":\"https:\\\/\\\/schema.org\",\"@graph\":[{\"@type\":\"WebPage\",\"@id\":\"https:\\\/\\\/www.uistasco.com\\\/ga\\\/uist-asco-ar-sgeul-feum-a-feamainn\\\/\",\"url\":\"https:\\\/\\\/www.uistasco.com\\\/ga\\\/uist-asco-ar-sgeul-feum-a-feamainn\\\/\",\"name\":\"Buannachd \u00e0 Feamainn Thioramaichte \u01c0 Feum \u00e0 Feamainn \u01c0 Uist Asco\",\"isPartOf\":{\"@id\":\"https:\\\/\\\/www.uistasco.com\\\/#website\"},\"datePublished\":\"2019-07-26T18:26:52+00:00\",\"dateModified\":\"2020-04-17T13:43:52+00:00\",\"description\":\"Th\u00e8id caochladh feuma a dh\u00e8anamh \u00e0 ascophyllum nodosum, eadar leasachadh-b\u00ecdhe gu leasachadh-\u00f9ire n\u00e0darra. Ionnsaich mu luach na feamad.\",\"breadcrumb\":{\"@id\":\"https:\\\/\\\/www.uistasco.com\\\/ga\\\/uist-asco-ar-sgeul-feum-a-feamainn\\\/#breadcrumb\"},\"inLanguage\":\"ga-IE\",\"potentialAction\":[{\"@type\":\"ReadAction\",\"target\":[\"https:\\\/\\\/www.uistasco.com\\\/ga\\\/uist-asco-ar-sgeul-feum-a-feamainn\\\/\"]}]},{\"@type\":\"BreadcrumbList\",\"@id\":\"https:\\\/\\\/www.uistasco.com\\\/ga\\\/uist-asco-ar-sgeul-feum-a-feamainn\\\/#breadcrumb\",\"itemListElement\":[{\"@type\":\"ListItem\",\"position\":1,\"name\":\"Home\",\"item\":\"https:\\\/\\\/www.uistasco.com\\\/ga\\\/\"},{\"@type\":\"ListItem\",\"position\":2,\"name\":\"Feum \u00e0 Feamainn\"}]},{\"@type\":\"WebSite\",\"@id\":\"https:\\\/\\\/www.uistasco.com\\\/#website\",\"url\":\"https:\\\/\\\/www.uistasco.com\\\/\",\"name\":\"Uist Asco\",\"description\":\"Scottish Seaweed\",\"publisher\":{\"@id\":\"https:\\\/\\\/www.uistasco.com\\\/#organization\"},\"potentialAction\":[{\"@type\":\"SearchAction\",\"target\":{\"@type\":\"EntryPoint\",\"urlTemplate\":\"https:\\\/\\\/www.uistasco.com\\\/?s={search_term_string}\"},\"query-input\":{\"@type\":\"PropertyValueSpecification\",\"valueRequired\":true,\"valueName\":\"search_term_string\"}}],\"inLanguage\":\"ga-IE\"},{\"@type\":\"Organization\",\"@id\":\"https:\\\/\\\/www.uistasco.com\\\/#organization\",\"name\":\"Arramara\",\"url\":\"https:\\\/\\\/www.uistasco.com\\\/\",\"logo\":{\"@type\":\"ImageObject\",\"inLanguage\":\"ga-IE\",\"@id\":\"https:\\\/\\\/www.uistasco.com\\\/#\\\/schema\\\/logo\\\/image\\\/\",\"url\":\"https:\\\/\\\/www.uistasco.com\\\/wp-content\\\/uploads\\\/2018\\\/11\\\/Group-205@2x.png\",\"contentUrl\":\"https:\\\/\\\/www.uistasco.com\\\/wp-content\\\/uploads\\\/2018\\\/11\\\/Group-205@2x.png\",\"width\":261,\"height\":261,\"caption\":\"Arramara\"},\"image\":{\"@id\":\"https:\\\/\\\/www.uistasco.com\\\/#\\\/schema\\\/logo\\\/image\\\/\"}}]}<\/script>\n<!-- \/ Yoast SEO plugin. -->","yoast_head_json":{"title":"Buannachd \u00e0 Feamainn Thioramaichte \u01c0 Feum \u00e0 Feamainn \u01c0 Uist Asco","description":"Th\u00e8id caochladh feuma a dh\u00e8anamh \u00e0 ascophyllum nodosum, eadar leasachadh-b\u00ecdhe gu leasachadh-\u00f9ire n\u00e0darra. Ionnsaich mu luach na feamad.","robots":{"index":"index","follow":"follow","max-snippet":"max-snippet:-1","max-image-preview":"max-image-preview:large","max-video-preview":"max-video-preview:-1"},"canonical":"https:\/\/www.uistasco.com\/ga\/uist-asco-ar-sgeul-feum-a-feamainn\/","og_locale":"ga_IE","og_type":"article","og_title":"Buannachd \u00e0 Feamainn Thioramaichte \u01c0 Feum \u00e0 Feamainn \u01c0 Uist Asco","og_description":"Th\u00e8id caochladh feuma a dh\u00e8anamh \u00e0 ascophyllum nodosum, eadar leasachadh-b\u00ecdhe gu leasachadh-\u00f9ire n\u00e0darra. Ionnsaich mu luach na feamad.","og_url":"https:\/\/www.uistasco.com\/ga\/uist-asco-ar-sgeul-feum-a-feamainn\/","og_site_name":"Uist Asco","article_modified_time":"2020-04-17T13:43:52+00:00","twitter_card":"summary_large_image","twitter_misc":{"Est. reading time":"3 minutes"},"schema":{"@context":"https:\/\/schema.org","@graph":[{"@type":"WebPage","@id":"https:\/\/www.uistasco.com\/ga\/uist-asco-ar-sgeul-feum-a-feamainn\/","url":"https:\/\/www.uistasco.com\/ga\/uist-asco-ar-sgeul-feum-a-feamainn\/","name":"Buannachd \u00e0 Feamainn Thioramaichte \u01c0 Feum \u00e0 Feamainn \u01c0 Uist Asco","isPartOf":{"@id":"https:\/\/www.uistasco.com\/#website"},"datePublished":"2019-07-26T18:26:52+00:00","dateModified":"2020-04-17T13:43:52+00:00","description":"Th\u00e8id caochladh feuma a dh\u00e8anamh \u00e0 ascophyllum nodosum, eadar leasachadh-b\u00ecdhe gu leasachadh-\u00f9ire n\u00e0darra. Ionnsaich mu luach na feamad.","breadcrumb":{"@id":"https:\/\/www.uistasco.com\/ga\/uist-asco-ar-sgeul-feum-a-feamainn\/#breadcrumb"},"inLanguage":"ga-IE","potentialAction":[{"@type":"ReadAction","target":["https:\/\/www.uistasco.com\/ga\/uist-asco-ar-sgeul-feum-a-feamainn\/"]}]},{"@type":"BreadcrumbList","@id":"https:\/\/www.uistasco.com\/ga\/uist-asco-ar-sgeul-feum-a-feamainn\/#breadcrumb","itemListElement":[{"@type":"ListItem","position":1,"name":"Home","item":"https:\/\/www.uistasco.com\/ga\/"},{"@type":"ListItem","position":2,"name":"Feum \u00e0 Feamainn"}]},{"@type":"WebSite","@id":"https:\/\/www.uistasco.com\/#website","url":"https:\/\/www.uistasco.com\/","name":"Uist Asco","description":"Scottish Seaweed","publisher":{"@id":"https:\/\/www.uistasco.com\/#organization"},"potentialAction":[{"@type":"SearchAction","target":{"@type":"EntryPoint","urlTemplate":"https:\/\/www.uistasco.com\/?s={search_term_string}"},"query-input":{"@type":"PropertyValueSpecification","valueRequired":true,"valueName":"search_term_string"}}],"inLanguage":"ga-IE"},{"@type":"Organization","@id":"https:\/\/www.uistasco.com\/#organization","name":"Arramara","url":"https:\/\/www.uistasco.com\/","logo":{"@type":"ImageObject","inLanguage":"ga-IE","@id":"https:\/\/www.uistasco.com\/#\/schema\/logo\/image\/","url":"https:\/\/www.uistasco.com\/wp-content\/uploads\/2018\/11\/Group-205@2x.png","contentUrl":"https:\/\/www.uistasco.com\/wp-content\/uploads\/2018\/11\/Group-205@2x.png","width":261,"height":261,"caption":"Arramara"},"image":{"@id":"https:\/\/www.uistasco.com\/#\/schema\/logo\/image\/"}}]}},"_links":{"self":[{"href":"https:\/\/www.uistasco.com\/ga\/wp-json\/wp\/v2\/pages\/1296","targetHints":{"allow":["GET"]}}],"collection":[{"href":"https:\/\/www.uistasco.com\/ga\/wp-json\/wp\/v2\/pages"}],"about":[{"href":"https:\/\/www.uistasco.com\/ga\/wp-json\/wp\/v2\/types\/page"}],"author":[{"embeddable":true,"href":"https:\/\/www.uistasco.com\/ga\/wp-json\/wp\/v2\/users\/13"}],"replies":[{"embeddable":true,"href":"https:\/\/www.uistasco.com\/ga\/wp-json\/wp\/v2\/comments?post=1296"}],"version-history":[{"count":0,"href":"https:\/\/www.uistasco.com\/ga\/wp-json\/wp\/v2\/pages\/1296\/revisions"}],"wp:attachment":[{"href":"https:\/\/www.uistasco.com\/ga\/wp-json\/wp\/v2\/media?parent=1296"}],"curies":[{"name":"wp","href":"https:\/\/api.w.org\/{rel}","templated":true}]}}