{"id":124,"date":"2018-11-15T22:47:08","date_gmt":"2018-11-15T22:47:08","guid":{"rendered":"http:\/\/arramara.wpengine.com\/?page_id=124"},"modified":"2020-04-17T12:35:50","modified_gmt":"2020-04-17T12:35:50","slug":"co-th-annainn","status":"publish","type":"page","link":"https:\/\/www.uistasco.com\/ga\/co-th-annainn\/","title":{"rendered":"C\u00f2 Th\u2019 Annainn"},"content":{"rendered":"<p>[vc_row full_width=&#8221;stretch_row_content_no_spaces&#8221; content_placement=&#8221;middle&#8221; css=&#8221;.vc_custom_1564168953887{background: #e0e0e0 url(https:\/\/www.uistasco.com\/wp-content\/uploads\/2019\/07\/Uist-Asco-Who-We-Are-Banner.jpeg?id=1240) !important;background-position: center !important;background-repeat: no-repeat !important;background-size: cover !important;}&#8221; el_class=&#8221;sub-banner&#8221;][vc_column css_animation=&#8221;fadeIn&#8221;][\/vc_column][\/vc_row][vc_row el_class=&#8221;page-bg-photo about-section&#8221;][vc_column css_animation=&#8221;fadeIn&#8221; el_class=&#8221;content-center content-max&#8221;][vc_row_inner content_placement=&#8221;top&#8221;][vc_column_inner width=&#8221;1\/2&#8243;][vc_column_text css_animation=&#8221;fadeIn&#8221;]<\/p>\n<h2><strong>C\u00f2 Th\u2019 Annainn<\/strong><\/h2>\n<p>&nbsp;<\/p>\n<p><strong>Bho chian nan cian bhiodh na h-uisgeachan glana mu thimcheall nan Eileanan Siar a\u2019 cumail st\u00f2ras n\u00e0darra pr\u00ecseil ris na coimhearsnachdan eileanach. <\/strong><\/p>\n<p>&nbsp;<\/p>\n<p>\u2019S fhada o bha an fheamainn-bhuidhe (no <em>Ascophyllum nodosum<\/em>) ga cur mar thodhar air an talamh, ga toirt do bhe\u00f2thaichean, agus a\u2019 saoibhreachadh beatha muinntir Uibhist. Gu ruige nan 1980an, bhiodh Luchd-buana na sg\u00ecre ag r\u00e8ic na feamad seo ri companaidhean-feamad ann an Inbhir Gharbhain (<em>Girvan<\/em>), a\u2019 cur ri eaconomaidh an eilein.<\/p>\n<p>&nbsp;<\/p>\n<p>Tha Uist Asco dealasach ann a bhith a\u2019 neartachadh a\u2019 cheangail eadar muinntir nan Eileanan Siar agus <em>Ascophyllum nodosum<\/em> \u2013 an-diugh agus san \u00e0m ri teachd.<\/p>\n<p>[\/vc_column_text][\/vc_column_inner][vc_column_inner width=&#8221;1\/2&#8243; css=&#8221;.vc_custom_1587068463033{padding-top: 50px !important;padding-right: 50px !important;padding-bottom: 50px !important;padding-left: 50px !important;}&#8221;][vc_single_image image=&#8221;1348&#8243; img_size=&#8221;full&#8221; css_animation=&#8221;fadeInUp&#8221;][\/vc_column_inner][\/vc_row_inner][vc_row_inner equal_height=&#8221;yes&#8221; content_placement=&#8221;middle&#8221;][vc_column_inner width=&#8221;1\/2&#8243; css=&#8221;.vc_custom_1543873245799{padding-top: 50px !important;padding-right: 50px !important;padding-bottom: 50px !important;padding-left: 50px !important;}&#8221;][vc_single_image image=&#8221;1351&#8243; img_size=&#8221;full&#8221; css_animation=&#8221;fadeInUp&#8221;][\/vc_column_inner][vc_column_inner width=&#8221;1\/2&#8243; css=&#8221;.vc_custom_1543873260705{padding-top: 50px !important;padding-right: 50px !important;padding-bottom: 50px !important;padding-left: 50px !important;}&#8221;][vc_column_text css_animation=&#8221;fadeIn&#8221;]<\/p>\n<h3>Sgeul Uist Asco<\/h3>\n<p>&nbsp;<\/p>\n<p>Ann an 2012, st\u00e8idhich Raghnall MacIain agus a theaghlach Uist Asco \u2019s e a\u2019 faicinn mar a dh\u2019fhaodadh feamainn Uibhist a Tuath cur ri maitheas beatha muinntir nan Eileanan Siar. Tro na h-oidhirpean tr\u00e0tha aca, rinn iad adhartas gu le\u00f2r a leig le Acadian Seaplants Limited an obair a ghabhail os l\u00e0imh gus an t-amas ud a leantail.<\/p>\n<p>Air dhuinn Uist Asco a cheannachd, tha sinn air c\u00f9ram nach beag a ghabhail a\u2019 cur air adhart a\u2019 ghn\u00ecomhachais agus a chuid dhualchais fhad \u2019s a ghl\u00e8idheas sinn st\u00f2ras na feamad. Tha sinn air ionmhas a chur a-steach dhan fhactaraidh giullachd, p\u00e0igheadh \u00e0rdachadh don Luchd-buan agus air Manaidsearan agus Luchd-Saidheans Ghoireasan fhastadh gus d\u00econ a chur air an fheamainn. Chan eil an sin ach toiseach-t\u00f2iseachaidh.<\/p>\n<p>[\/vc_column_text][\/vc_column_inner][\/vc_row_inner][\/vc_column][\/vc_row][vc_row el_class=&#8221;page-bg-photo about-section&#8221;][vc_column el_class=&#8221;content-center content-max&#8221;][vc_row_inner content_placement=&#8221;middle&#8221;][vc_column_inner width=&#8221;1\/2&#8243;][vc_column_text css_animation=&#8221;fadeIn&#8221;]<\/p>\n<div style=\"max-width: 460px;\">\n<h3>\u00a0<\/h3>\n<h3>\u00a0<\/h3>\n<h3>An t-Slighe Bhrosnachail Air Adhart<\/h3>\n<p>&nbsp;<\/p>\n<p>Thar nam bliadhnaichean, tha an fheamainn againn air a dhol thar an t-saoghail, a\u2019 mathachadh raointean uaine goilf na Roinn E\u00f2rpa agus a\u2019 beathachadh ch\u00e0mhail-r\u00e8isidh phr\u00ecseil anns an UAE. Mar a dh\u2019obraicheas sinn gus na c\u00e0irdeasan sin a neartachadh, bu mhath leinn cuideachd c\u00e0irdeasan \u00f9ra a thogail:<\/p>\n<p>&nbsp;<\/p>\n<ul>\n<li>C\u00f2mhla ri Luchd-buana eileanach, a\u2019 cumail taic-ionmhasail dhaibh tro dheagh ph\u00e0igheadh airson feamainn ghlan air a buain gu so-sheasmhach.<\/li>\n<li>C\u00f2mhla ri muinntir nan Eileanan Siar, a\u2019 cumail ris an dleastanas a th\u2019 oirnn a thaobh na h-\u00e0rainneachd agus na coimhearsnachd le gn\u00ecomh a dhearbhas, agus beul a labhras.<\/li>\n<li>C\u00f2mhla ri riaghladairean ann an Alba, an RA, agus nas fhaide thall, a\u2019 cumail ri buain sho-sheasmhach agus d\u00f2ighean-giullachd a ghl\u00e8idheas <em>Ascophyllum nodosum<\/em> agus a l\u00f9ghdaicheas a\u2019 bhuaidh a th\u2019 againn air an \u00e0rainneachd.<\/li>\n<\/ul>\n<\/div>\n<p>[\/vc_column_text][\/vc_column_inner][vc_column_inner width=&#8221;1\/2&#8243;][vc_single_image image=&#8221;1353&#8243; img_size=&#8221;full&#8221; alignment=&#8221;center&#8221; css_animation=&#8221;fadeInUp&#8221; el_class=&#8221;image-shadow&#8221;][\/vc_column_inner][\/vc_row_inner][\/vc_column][\/vc_row][vc_row css_animation=&#8221;none&#8221; el_class=&#8221;border-top&#8221;][vc_column]<\/p>\n<div class=\"templatera_shortcode\">\n<div data-vc-full-width=\"true\" data-vc-full-width-init=\"false\" data-vc-stretch-content=\"true\" class=\"vc_row wpb_row vc_row-fluid split-cta vc_custom_1545310294281 vc_row-no-padding vc_row-o-equal-height vc_row-flex\">\n<div class=\"split-blue-overlay split-col wpb_column vc_column_container vc_col-sm-6 vc_col-has-fill\">\n<div class=\"vc_column-inner vc_custom_1545310623931\">\n<div class=\"wpb_wrapper\">\n<div class=\"wpb_text_column wpb_content_element  wpb_animate_when_almost_visible wpb_fadeIn fadeIn split-copy\" >\n<div class=\"wpb_wrapper\">\n<h3>Tha Sgeul Uist Asco a\u2019 leantail air. Tha sinn daonnan ag obair air brosnachadh nan cleachdaidhean so-sheasmhach, comp\u00e0irteachadh coimhearsnachd agus luach a th\u2019 againn ann an Alba.<\/h3>\n<p style=\"text-align: center;\"><a class=\"button white-blue\" href=\"\/ga\/naidheachdan-agus-blog\/\" target=\"_self\">Airson ar sgeul a chluinntinn?<\/a><\/p>\n<\/p><\/div>\n<\/p><\/div>\n<div  class=\"wpb_single_image wpb_content_element vc_align_center\">\n<figure class=\"wpb_wrapper vc_figure\">\n<div class=\"vc_single_image-wrapper   vc_box_border_grey\"><img loading=\"lazy\" decoding=\"async\" width=\"688\" height=\"664\" src=\"https:\/\/www.uistasco.com\/wp-content\/uploads\/2023\/05\/new-688-x-664.png\" class=\"vc_single_image-img attachment-full\" alt=\"\" srcset=\"https:\/\/www.uistasco.com\/wp-content\/uploads\/2023\/05\/new-688-x-664.png 688w, https:\/\/www.uistasco.com\/wp-content\/uploads\/2023\/05\/new-688-x-664-300x290.png 300w\" sizes=\"auto, (max-width: 688px) 100vw, 688px\" \/><\/div>\n<\/figure><\/div>\n<\/div>\n<\/div>\n<\/div>\n<div class=\"split-green-overlay split-col wpb_column vc_column_container vc_col-sm-6 vc_col-has-fill\">\n<div class=\"vc_column-inner vc_custom_1545310240877\">\n<div class=\"wpb_wrapper\">\n<div class=\"wpb_text_column wpb_content_element  wpb_animate_when_almost_visible wpb_fadeIn fadeIn split-copy\" >\n<div class=\"wpb_wrapper\">\n<h3>Ceistean agaibh mu Uist Asco? Bu mhath leinn bruidhinn riut mun fheamainn.<\/h3>\n<p style=\"text-align: center;\"><a class=\"button white-green\" href=\"\/ga\/fios-thugainn\/\" target=\"_self\">Cuir fios gu Uist Asco.<\/a><\/p>\n<\/p><\/div>\n<\/p><\/div>\n<div  class=\"wpb_single_image wpb_content_element vc_align_center\">\n<figure class=\"wpb_wrapper vc_figure\">\n<div class=\"vc_single_image-wrapper   vc_box_border_grey\"><img loading=\"lazy\" decoding=\"async\" width=\"687\" height=\"664\" src=\"https:\/\/www.uistasco.com\/wp-content\/uploads\/2019\/08\/horse-collage.png\" class=\"vc_single_image-img attachment-full\" alt=\"\" srcset=\"https:\/\/www.uistasco.com\/wp-content\/uploads\/2019\/08\/horse-collage.png 687w, https:\/\/www.uistasco.com\/wp-content\/uploads\/2019\/08\/horse-collage-300x290.png 300w\" sizes=\"auto, (max-width: 687px) 100vw, 687px\" \/><\/div>\n<\/figure><\/div>\n<\/div>\n<\/div>\n<\/div>\n<\/div>\n<div class=\"vc_row-full-width vc_clearfix\"><\/div>\n<\/div>\n<p>[\/vc_column][\/vc_row][vc_row][vc_column]<\/p>\n<div class=\"templatera_shortcode\">\n<div class=\"vc_row wpb_row vc_row-fluid contact-us-section vc_custom_1561751867526\">\n<div class=\"wpb_column vc_column_container vc_col-sm-12\">\n<div class=\"vc_column-inner\">\n<div class=\"wpb_wrapper\">\n<div class=\"vc_row wpb_row vc_inner vc_row-fluid vc_row-o-equal-height vc_row-o-content-middle vc_row-flex\">\n<div class=\"wpb_column vc_column_container vc_col-sm-6\">\n<div class=\"vc_column-inner\">\n<div class=\"wpb_wrapper\">\n<div class=\"wpb_text_column wpb_content_element  wpb_animate_when_almost_visible wpb_fadeIn fadeIn\" >\n<div class=\"wpb_wrapper\">\n<h2>Cuir fios thugainn agus ionnsaich mu bhuannachdan na feamad!<\/h2>\n<\/p><\/div>\n<\/p><\/div>\n<div class=\"wpcf7 no-js\" id=\"wpcf7-f1421-o1\" lang=\"en-US\" dir=\"ltr\" data-wpcf7-id=\"1421\">\n<div class=\"screen-reader-response\">\n<p role=\"status\" aria-live=\"polite\" aria-atomic=\"true\">\n<ul><\/ul>\n<\/div>\n<form action=\"\/ga\/wp-json\/wp\/v2\/pages\/124#wpcf7-f1421-o1\" method=\"post\" class=\"wpcf7-form init\" aria-label=\"Contact form\" novalidate=\"novalidate\" data-status=\"init\">\n<fieldset class=\"hidden-fields-container\"><input type=\"hidden\" name=\"_wpcf7\" value=\"1421\" \/><input type=\"hidden\" name=\"_wpcf7_version\" value=\"6.1.5\" \/><input type=\"hidden\" name=\"_wpcf7_locale\" value=\"en_US\" \/><input type=\"hidden\" name=\"_wpcf7_unit_tag\" value=\"wpcf7-f1421-o1\" \/><input type=\"hidden\" name=\"_wpcf7_container_post\" value=\"0\" \/><input type=\"hidden\" name=\"_wpcf7_posted_data_hash\" value=\"\" \/><input type=\"hidden\" name=\"_wpcf7_recaptcha_response\" value=\"\" \/><br \/>\n<\/fieldset>\n<div class=\"contact-inputs flex-container\">\n<p><span class=\"wpcf7-form-control-wrap\" data-name=\"your-name\"><input size=\"40\" maxlength=\"400\" class=\"wpcf7-form-control wpcf7-text wpcf7-validates-as-required\" aria-required=\"true\" aria-invalid=\"false\" placeholder=\"Cuir ann d\u2019 ainm\" value=\"\" type=\"text\" name=\"your-name\" \/><\/span><span class=\"wpcf7-form-control-wrap\" data-name=\"your-email\"><input size=\"40\" maxlength=\"400\" class=\"wpcf7-form-control wpcf7-email wpcf7-validates-as-required wpcf7-text wpcf7-validates-as-email\" aria-required=\"true\" aria-invalid=\"false\" placeholder=\"Cuir ann do phost-d\" value=\"\" type=\"email\" name=\"your-email\" \/><\/span><span class=\"wpcf7-form-control-wrap\" data-name=\"your-message\"><textarea cols=\"40\" rows=\"10\" maxlength=\"2000\" class=\"wpcf7-form-control wpcf7-textarea wpcf7-validates-as-required\" aria-required=\"true\" aria-invalid=\"false\" placeholder=\"Am brath agad\" name=\"your-message\"><\/textarea><\/span>\n\t<\/p>\n<\/div>\n<p><input class=\"wpcf7-form-control wpcf7-submit has-spinner button green\" type=\"submit\" value=\"Cuir\" \/>\n<\/p>\n<div class=\"wpcf7-response-output\" aria-hidden=\"true\"><\/div>\n<\/form>\n<\/div>\n<\/div>\n<\/div>\n<\/div>\n<div class=\"wpb_column vc_column_container vc_col-sm-6\">\n<div class=\"vc_column-inner\">\n<div class=\"wpb_wrapper\">\n<div  class=\"wpb_single_image wpb_content_element vc_align_center  wpb_animate_when_almost_visible wpb_fadeInUp fadeInUp\">\n<figure class=\"wpb_wrapper vc_figure\">\n<div class=\"vc_single_image-wrapper   vc_box_border_grey\"><img loading=\"lazy\" decoding=\"async\" width=\"884\" height=\"563\" src=\"https:\/\/www.uistasco.com\/wp-content\/uploads\/2019\/06\/Uist-Asco-image-size.png\" class=\"vc_single_image-img attachment-full\" alt=\"\" srcset=\"https:\/\/www.uistasco.com\/wp-content\/uploads\/2019\/06\/Uist-Asco-image-size.png 884w, https:\/\/www.uistasco.com\/wp-content\/uploads\/2019\/06\/Uist-Asco-image-size-300x191.png 300w, https:\/\/www.uistasco.com\/wp-content\/uploads\/2019\/06\/Uist-Asco-image-size-768x489.png 768w\" sizes=\"auto, (max-width: 884px) 100vw, 884px\" \/><\/div>\n<\/figure><\/div>\n<\/div>\n<\/div>\n<\/div>\n<\/div>\n<\/div>\n<\/div>\n<\/div>\n<\/div>\n<\/div>\n<p>[\/vc_column][\/vc_row][vc_row][vc_column]<\/p>\n<div class=\"templatera_shortcode\">\n<div class=\"vc_row wpb_row vc_row-fluid content-center content-max\">\n<div class=\"wpb_column vc_column_container vc_col-sm-12\">\n<div class=\"vc_column-inner\">\n<div class=\"wpb_wrapper\">\n<div class=\"vc_empty_space\"   style=\"height: 30px\"><span class=\"vc_empty_space_inner\"><\/span><\/div>\n<div class=\"wpb_text_column wpb_content_element  wpb_animate_when_almost_visible wpb_fadeIn fadeIn\" >\n<div class=\"wpb_wrapper\">\n<h2 style=\"text-align: center;\">Na teisteanasan againn<\/h2>\n<p>&nbsp;<\/p>\n<\/p><\/div>\n<\/p><\/div>\n<\/div>\n<\/div>\n<\/div>\n<\/div>\n<div class=\"vc_row wpb_row vc_row-fluid content-center content-max\">\n<div class=\"wpb_animate_when_almost_visible wpb_fadeInUp fadeInUp wpb_column vc_column_container vc_col-sm-3\">\n<div class=\"vc_column-inner\">\n<div class=\"wpb_wrapper\">\n<div class=\"vc_empty_space\"   style=\"height: 32px\"><span class=\"vc_empty_space_inner\"><\/span><\/div>\n<div  class=\"wpb_single_image wpb_content_element vc_align_center\">\n<figure class=\"wpb_wrapper vc_figure\">\n\t\t\t<a href=\"https:\/\/ec.europa.eu\/info\/index_en\" target=\"_blank\" class=\"vc_single_image-wrapper   vc_box_border_grey\"><img loading=\"lazy\" decoding=\"async\" class=\"vc_single_image-img \" src=\"https:\/\/www.uistasco.com\/wp-content\/uploads\/2019\/08\/Untitled-design-2021-09-24T115337.423.png\" width=\"180\" height=\"150\" alt=\"Untitled design - 2021-09-24T115337.423\" title=\"Untitled design - 2021-09-24T115337.423\" \/><\/a><br \/>\n\t\t<\/figure>\n<\/p><\/div>\n<\/div>\n<\/div>\n<\/div>\n<div class=\"wpb_animate_when_almost_visible wpb_fadeInUp fadeInUp wpb_column vc_column_container vc_col-sm-3\">\n<div class=\"vc_column-inner\">\n<div class=\"wpb_wrapper\">\n<div class=\"vc_empty_space\"   style=\"height: 32px\"><span class=\"vc_empty_space_inner\"><\/span><\/div>\n<div  class=\"wpb_single_image wpb_content_element vc_align_center\">\n<figure class=\"wpb_wrapper vc_figure\">\n\t\t\t<a href=\"https:\/\/fems-microbiology.org\/\" target=\"_blank\" class=\"vc_single_image-wrapper   vc_box_border_grey\"><img loading=\"lazy\" decoding=\"async\" class=\"vc_single_image-img \" src=\"https:\/\/www.uistasco.com\/wp-content\/uploads\/2019\/08\/logo2.png\" width=\"140\" height=\"101\" alt=\"logo2\" title=\"logo2\" \/><\/a><br \/>\n\t\t<\/figure>\n<\/p><\/div>\n<div class=\"wpb_text_column wpb_content_element \" >\n<div class=\"wpb_wrapper\">\n<p style=\"text-align: center;\">FEMAS-57630<\/p>\n<\/p><\/div>\n<\/p><\/div>\n<\/div>\n<\/div>\n<\/div>\n<div class=\"wpb_animate_when_almost_visible wpb_fadeInUp fadeInUp wpb_column vc_column_container vc_col-sm-3\">\n<div class=\"vc_column-inner\">\n<div class=\"wpb_wrapper\">\n<div class=\"vc_empty_space\"   style=\"height: 32px\"><span class=\"vc_empty_space_inner\"><\/span><\/div>\n<div  class=\"wpb_single_image wpb_content_element vc_align_center\">\n<figure class=\"wpb_wrapper vc_figure\">\n\t\t\t<a href=\"https:\/\/www.soilassociation.org\/\" target=\"_blank\" class=\"vc_single_image-wrapper   vc_box_border_grey\"><img loading=\"lazy\" decoding=\"async\" class=\"vc_single_image-img \" src=\"https:\/\/www.uistasco.com\/wp-content\/uploads\/2019\/08\/logo3.png\" width=\"140\" height=\"139\" alt=\"logo3\" title=\"logo3\" \/><\/a><br \/>\n\t\t<\/figure>\n<\/p><\/div>\n<\/div>\n<\/div>\n<\/div>\n<div class=\"wpb_column vc_column_container vc_col-sm-3\">\n<div class=\"vc_column-inner\">\n<div class=\"wpb_wrapper\">\n<div class=\"vc_empty_space\"   style=\"height: 32px\"><span class=\"vc_empty_space_inner\"><\/span><\/div>\n<div  class=\"wpb_single_image wpb_content_element vc_align_center\">\n<figure class=\"wpb_wrapper vc_figure\">\n\t\t\t<a href=\"https:\/\/www.soilassociation.org\/\" target=\"_blank\" class=\"vc_single_image-wrapper   vc_box_border_grey\"><img loading=\"lazy\" decoding=\"async\" width=\"300\" height=\"200\" src=\"https:\/\/www.uistasco.com\/wp-content\/uploads\/2019\/08\/Untitled-design-2022-11-29T162439.488.png\" class=\"vc_single_image-img attachment-medium\" alt=\"\" \/><\/a><br \/>\n\t\t<\/figure>\n<\/p><\/div>\n<\/div>\n<\/div>\n<\/div>\n<\/div>\n<div class=\"vc_row wpb_row vc_row-fluid content-center content-max\">\n<div class=\"wpb_column vc_column_container vc_col-sm-3\">\n<div class=\"vc_column-inner\">\n<div class=\"wpb_wrapper\">\n<div class=\"vc_empty_space\"   style=\"height: 32px\"><span class=\"vc_empty_space_inner\"><\/span><\/div>\n<\/div>\n<\/div>\n<\/div>\n<div class=\"wpb_column vc_column_container vc_col-sm-3\">\n<div class=\"vc_column-inner\">\n<div class=\"wpb_wrapper\">\n<div class=\"vc_empty_space\"   style=\"height: 32px\"><span class=\"vc_empty_space_inner\"><\/span><\/div>\n<\/div>\n<\/div>\n<\/div>\n<div class=\"wpb_column vc_column_container vc_col-sm-3\">\n<div class=\"vc_column-inner\">\n<div class=\"wpb_wrapper\">\n<div class=\"vc_empty_space\"   style=\"height: 32px\"><span class=\"vc_empty_space_inner\"><\/span><\/div>\n<\/div>\n<\/div>\n<\/div>\n<div class=\"wpb_column vc_column_container vc_col-sm-3\">\n<div class=\"vc_column-inner\">\n<div class=\"wpb_wrapper\">\n<div class=\"vc_empty_space\"   style=\"height: 32px\"><span class=\"vc_empty_space_inner\"><\/span><\/div>\n<\/div>\n<\/div>\n<\/div>\n<\/div>\n<\/div>\n<p>[\/vc_column][\/vc_row]<\/p>\n","protected":false},"excerpt":{"rendered":"Na teisteanasan againn &nbsp; FEMAS-57630","protected":false},"author":13,"featured_media":0,"parent":0,"menu_order":0,"comment_status":"closed","ping_status":"closed","template":"","meta":{"footnotes":""},"class_list":["post-124","page","type-page","status-publish","hentry"],"yoast_head":"<!-- This site is optimized with the Yoast SEO plugin v27.5 - https:\/\/yoast.com\/product\/yoast-seo-wordpress\/ -->\n<title>Luchd-buana Feamad Albannaich \u01c0 Ascophyllum Nodosum \u01c0 Uist Asco<\/title>\n<meta name=\"description\" content=\"Aig Uist Asco, tha sinn moiteil a bhith nar companaidh feamad Albannaich a chuireas luach ann an coimhearsnachd, so-sheasmhachd, &amp; Alba shoirbheachail. Ionnsaich ar sgeul an seo\" \/>\n<meta name=\"robots\" content=\"index, follow, max-snippet:-1, max-image-preview:large, max-video-preview:-1\" \/>\n<link rel=\"canonical\" href=\"https:\/\/www.uistasco.com\/ga\/co-th-annainn\/\" \/>\n<meta property=\"og:locale\" content=\"ga_IE\" \/>\n<meta property=\"og:type\" content=\"article\" \/>\n<meta property=\"og:title\" content=\"Luchd-buana Feamad Albannaich \u01c0 Ascophyllum Nodosum \u01c0 Uist Asco\" \/>\n<meta property=\"og:description\" content=\"Aig Uist Asco, tha sinn moiteil a bhith nar companaidh feamad Albannaich a chuireas luach ann an coimhearsnachd, so-sheasmhachd, &amp; Alba shoirbheachail. Ionnsaich ar sgeul an seo\" \/>\n<meta property=\"og:url\" content=\"https:\/\/www.uistasco.com\/ga\/co-th-annainn\/\" \/>\n<meta property=\"og:site_name\" content=\"Uist Asco\" \/>\n<meta property=\"article:modified_time\" content=\"2020-04-17T12:35:50+00:00\" \/>\n<meta name=\"twitter:card\" content=\"summary_large_image\" \/>\n<meta name=\"twitter:label1\" content=\"Est. reading time\" \/>\n\t<meta name=\"twitter:data1\" content=\"4 minutes\" \/>\n<script type=\"application\/ld+json\" class=\"yoast-schema-graph\">{\"@context\":\"https:\\\/\\\/schema.org\",\"@graph\":[{\"@type\":\"WebPage\",\"@id\":\"https:\\\/\\\/www.uistasco.com\\\/ga\\\/co-th-annainn\\\/\",\"url\":\"https:\\\/\\\/www.uistasco.com\\\/ga\\\/co-th-annainn\\\/\",\"name\":\"Luchd-buana Feamad Albannaich \u01c0 Ascophyllum Nodosum \u01c0 Uist Asco\",\"isPartOf\":{\"@id\":\"https:\\\/\\\/www.uistasco.com\\\/#website\"},\"datePublished\":\"2018-11-15T22:47:08+00:00\",\"dateModified\":\"2020-04-17T12:35:50+00:00\",\"description\":\"Aig Uist Asco, tha sinn moiteil a bhith nar companaidh feamad Albannaich a chuireas luach ann an coimhearsnachd, so-sheasmhachd, & Alba shoirbheachail. Ionnsaich ar sgeul an seo\",\"breadcrumb\":{\"@id\":\"https:\\\/\\\/www.uistasco.com\\\/ga\\\/co-th-annainn\\\/#breadcrumb\"},\"inLanguage\":\"ga-IE\",\"potentialAction\":[{\"@type\":\"ReadAction\",\"target\":[\"https:\\\/\\\/www.uistasco.com\\\/ga\\\/co-th-annainn\\\/\"]}]},{\"@type\":\"BreadcrumbList\",\"@id\":\"https:\\\/\\\/www.uistasco.com\\\/ga\\\/co-th-annainn\\\/#breadcrumb\",\"itemListElement\":[{\"@type\":\"ListItem\",\"position\":1,\"name\":\"Home\",\"item\":\"https:\\\/\\\/www.uistasco.com\\\/ga\\\/\"},{\"@type\":\"ListItem\",\"position\":2,\"name\":\"C\u00f2 Th\u2019 Annainn\"}]},{\"@type\":\"WebSite\",\"@id\":\"https:\\\/\\\/www.uistasco.com\\\/#website\",\"url\":\"https:\\\/\\\/www.uistasco.com\\\/\",\"name\":\"Uist Asco\",\"description\":\"Scottish Seaweed\",\"publisher\":{\"@id\":\"https:\\\/\\\/www.uistasco.com\\\/#organization\"},\"potentialAction\":[{\"@type\":\"SearchAction\",\"target\":{\"@type\":\"EntryPoint\",\"urlTemplate\":\"https:\\\/\\\/www.uistasco.com\\\/?s={search_term_string}\"},\"query-input\":{\"@type\":\"PropertyValueSpecification\",\"valueRequired\":true,\"valueName\":\"search_term_string\"}}],\"inLanguage\":\"ga-IE\"},{\"@type\":\"Organization\",\"@id\":\"https:\\\/\\\/www.uistasco.com\\\/#organization\",\"name\":\"Arramara\",\"url\":\"https:\\\/\\\/www.uistasco.com\\\/\",\"logo\":{\"@type\":\"ImageObject\",\"inLanguage\":\"ga-IE\",\"@id\":\"https:\\\/\\\/www.uistasco.com\\\/#\\\/schema\\\/logo\\\/image\\\/\",\"url\":\"https:\\\/\\\/www.uistasco.com\\\/wp-content\\\/uploads\\\/2018\\\/11\\\/Group-205@2x.png\",\"contentUrl\":\"https:\\\/\\\/www.uistasco.com\\\/wp-content\\\/uploads\\\/2018\\\/11\\\/Group-205@2x.png\",\"width\":261,\"height\":261,\"caption\":\"Arramara\"},\"image\":{\"@id\":\"https:\\\/\\\/www.uistasco.com\\\/#\\\/schema\\\/logo\\\/image\\\/\"}}]}<\/script>\n<!-- \/ Yoast SEO plugin. -->","yoast_head_json":{"title":"Luchd-buana Feamad Albannaich \u01c0 Ascophyllum Nodosum \u01c0 Uist Asco","description":"Aig Uist Asco, tha sinn moiteil a bhith nar companaidh feamad Albannaich a chuireas luach ann an coimhearsnachd, so-sheasmhachd, & Alba shoirbheachail. Ionnsaich ar sgeul an seo","robots":{"index":"index","follow":"follow","max-snippet":"max-snippet:-1","max-image-preview":"max-image-preview:large","max-video-preview":"max-video-preview:-1"},"canonical":"https:\/\/www.uistasco.com\/ga\/co-th-annainn\/","og_locale":"ga_IE","og_type":"article","og_title":"Luchd-buana Feamad Albannaich \u01c0 Ascophyllum Nodosum \u01c0 Uist Asco","og_description":"Aig Uist Asco, tha sinn moiteil a bhith nar companaidh feamad Albannaich a chuireas luach ann an coimhearsnachd, so-sheasmhachd, & Alba shoirbheachail. Ionnsaich ar sgeul an seo","og_url":"https:\/\/www.uistasco.com\/ga\/co-th-annainn\/","og_site_name":"Uist Asco","article_modified_time":"2020-04-17T12:35:50+00:00","twitter_card":"summary_large_image","twitter_misc":{"Est. reading time":"4 minutes"},"schema":{"@context":"https:\/\/schema.org","@graph":[{"@type":"WebPage","@id":"https:\/\/www.uistasco.com\/ga\/co-th-annainn\/","url":"https:\/\/www.uistasco.com\/ga\/co-th-annainn\/","name":"Luchd-buana Feamad Albannaich \u01c0 Ascophyllum Nodosum \u01c0 Uist Asco","isPartOf":{"@id":"https:\/\/www.uistasco.com\/#website"},"datePublished":"2018-11-15T22:47:08+00:00","dateModified":"2020-04-17T12:35:50+00:00","description":"Aig Uist Asco, tha sinn moiteil a bhith nar companaidh feamad Albannaich a chuireas luach ann an coimhearsnachd, so-sheasmhachd, & Alba shoirbheachail. Ionnsaich ar sgeul an seo","breadcrumb":{"@id":"https:\/\/www.uistasco.com\/ga\/co-th-annainn\/#breadcrumb"},"inLanguage":"ga-IE","potentialAction":[{"@type":"ReadAction","target":["https:\/\/www.uistasco.com\/ga\/co-th-annainn\/"]}]},{"@type":"BreadcrumbList","@id":"https:\/\/www.uistasco.com\/ga\/co-th-annainn\/#breadcrumb","itemListElement":[{"@type":"ListItem","position":1,"name":"Home","item":"https:\/\/www.uistasco.com\/ga\/"},{"@type":"ListItem","position":2,"name":"C\u00f2 Th\u2019 Annainn"}]},{"@type":"WebSite","@id":"https:\/\/www.uistasco.com\/#website","url":"https:\/\/www.uistasco.com\/","name":"Uist Asco","description":"Scottish Seaweed","publisher":{"@id":"https:\/\/www.uistasco.com\/#organization"},"potentialAction":[{"@type":"SearchAction","target":{"@type":"EntryPoint","urlTemplate":"https:\/\/www.uistasco.com\/?s={search_term_string}"},"query-input":{"@type":"PropertyValueSpecification","valueRequired":true,"valueName":"search_term_string"}}],"inLanguage":"ga-IE"},{"@type":"Organization","@id":"https:\/\/www.uistasco.com\/#organization","name":"Arramara","url":"https:\/\/www.uistasco.com\/","logo":{"@type":"ImageObject","inLanguage":"ga-IE","@id":"https:\/\/www.uistasco.com\/#\/schema\/logo\/image\/","url":"https:\/\/www.uistasco.com\/wp-content\/uploads\/2018\/11\/Group-205@2x.png","contentUrl":"https:\/\/www.uistasco.com\/wp-content\/uploads\/2018\/11\/Group-205@2x.png","width":261,"height":261,"caption":"Arramara"},"image":{"@id":"https:\/\/www.uistasco.com\/#\/schema\/logo\/image\/"}}]}},"_links":{"self":[{"href":"https:\/\/www.uistasco.com\/ga\/wp-json\/wp\/v2\/pages\/124","targetHints":{"allow":["GET"]}}],"collection":[{"href":"https:\/\/www.uistasco.com\/ga\/wp-json\/wp\/v2\/pages"}],"about":[{"href":"https:\/\/www.uistasco.com\/ga\/wp-json\/wp\/v2\/types\/page"}],"author":[{"embeddable":true,"href":"https:\/\/www.uistasco.com\/ga\/wp-json\/wp\/v2\/users\/13"}],"replies":[{"embeddable":true,"href":"https:\/\/www.uistasco.com\/ga\/wp-json\/wp\/v2\/comments?post=124"}],"version-history":[{"count":0,"href":"https:\/\/www.uistasco.com\/ga\/wp-json\/wp\/v2\/pages\/124\/revisions"}],"wp:attachment":[{"href":"https:\/\/www.uistasco.com\/ga\/wp-json\/wp\/v2\/media?parent=124"}],"curies":[{"name":"wp","href":"https:\/\/api.w.org\/{rel}","templated":true}]}}